{"id":63,"date":"2023-07-30T16:45:33","date_gmt":"2023-07-30T16:45:33","guid":{"rendered":"https:\/\/mknuth.net\/?page_id=63"},"modified":"2025-07-31T17:23:10","modified_gmt":"2025-07-31T17:23:10","slug":"forschungsberichte-und-arbeitspapiere","status":"publish","type":"page","link":"https:\/\/mknuth.net\/index.php\/forschungsberichte-und-arbeitspapiere\/","title":{"rendered":"Forschungsberichte und Arbeitspapiere"},"content":{"rendered":"<p style=\"text-align: right;\"><a href=\"#bottom\"><i class=\"fas fa-arrow-down fa-2x\"><\/i>\u00a0 <span style=\"font-size: 28px;\"><strong>Zum Seitenende<\/strong><\/span><\/a><\/p>\n<p>Knuth, Matthias; B\u00fcttner, Reinhardt; Schank, Gerd (1983): Zustandekommen und Analyse von Betriebsvereinbarungen und praktische Erfahrungen mit Einigungsstellen. Bd. I: Ergebnisse. Bundesministerium f\u00fcr Arbeit und Sozialordnung. Bonn (Forschungsbericht, 107). <a href=\"https:\/\/knuth.ocloud.de\/index.php\/s\/zQrpDoNB8ZmZ5ef\" target=\"_blank\" rel=\"noopener\"><i class=\"fas fa-download\"><\/i><\/a><\/p>\n<p>Knuth, Matthias; Vanselow, Achim (1995): \u00dcber den Sozialplan hinaus. Neue Besch\u00e4ftigungsperspektiven bei Personalabbau. Berlin (Schriftenreihe der Senatsverwaltung f\u00fcr Arbeit, Berufliche Bildung und Frauen,17). <a href=\"https:\/\/knuth.ocloud.de\/index.php\/s\/23yRE65EFoKDqDz\" target=\"_blank\" rel=\"noopener\"><i class=\"fas fa-download\"><\/i><\/a><\/p>\n<p>Knuth, Matthias (1996): Wege aus der Nische. Organisationsformen sinnvoller Arbeit in Besch\u00e4ftigungsprojekten. Berlin (Schriftenreihe der Senatsverwaltung f\u00fcr Arbeit, Berufliche Bildung und Frauen). <a href=\"https:\/\/knuth.ocloud.de\/index.php\/s\/Nw8GrBtBSKX4tiS\" target=\"_blank\" rel=\"noopener\"><i class=\"fas fa-download\"><\/i><\/a><\/p>\n<p>Knuth, Matthias (Hg.) (2001): Sozialplanzusch\u00fcsse in der betrieblichen Praxis und im internationalen Vergleich von Instrumenten des Besch\u00e4ftigtentransfers. Gelsenkirchen \/ N\u00fcrnberg (IAB-Projektbericht). <a href=\"https:\/\/knuth.ocloud.de\/index.php\/s\/7omPHeRwZ9Jy9As\" target=\"_blank\" rel=\"noopener\"><i class=\"fas fa-download\"><\/i><\/a><\/p>\n<p>Knuth, Matthias (2002): Fr\u00fchintervention zur Vermeidung von Langzeitarbeitslosigkeit. Anst\u00f6\u00dfe f\u00fcr einen Paradigmenwechsel der Arbeitsf\u00f6rderung. Expertise im Auftrag der Berliner Senatsverwaltung f\u00fcr Wirtschaft, Arbeit und Frauen. Berlin (Arbeitsmarktpolitische Schriftenreihe, 50). <a href=\"https:\/\/knuth.ocloud.de\/index.php\/s\/JXxcy7M73Mqyj84\" target=\"_blank\" rel=\"noopener\"><i class=\"fas fa-download\"><\/i><\/a><\/p>\n<p>Knuth, Matthias; Schweer, Oliver; Siemes, Sabine (2004): Drei Men\u00fcs &#8211; und kein Rezept? Dienstleistungen am Arbeitsmarkt in Gro\u00dfbritannien, in den Niederlanden und in D\u00e4nemark. Friedrich-Ebert-Stiftung. Bonn. <a href=\"http:\/\/library.fes.de\/pdf-files\/asfo\/02598.pdf\" target=\"_blank\" rel=\"noopener\"><i class=\"fas fa-download\"><\/i><\/a><\/p>\n<p>Czommer, Lars; Knuth, Matthias; Schweer, Oliver (2005): ARGE &#8220;Moderne Dienstleistungen am Arbeitsmarkt&#8221; &#8211; eine Baustelle der Bundesrepublik Deutschland. Abschlussbericht des von der Hans-B\u00f6ckler-Stiftung gef\u00f6rderten Projekts &#8220;Pilotstudie zur Entwicklung von JobCentern&#8221;. Hans-B\u00f6ckler-Stiftung. D\u00fcsseldorf (Arbeitspapier). <a href=\"https:\/\/knuth.ocloud.de\/index.php\/s\/5jswiSwpby6M9nW\" target=\"_blank\" rel=\"noopener\"><i class=\"fas fa-download\"><\/i><\/a><\/p>\n<p>Finn, Dan; Knuth, Matthias; Schweer, Oliver; Somerville, Will (2005): Reinventing the public employment service. The changing role of employment assistance in Britain and Germany. Anglo-German Foundation for the Study of Industrial Society. London. <a href=\"https:\/\/knuth.ocloud.de\/index.php\/s\/6cioSQRgKzyWdoy\" target=\"_blank\" rel=\"noopener\"><i class=\"fas fa-download\"><\/i><\/a><\/p>\n<p>Czommer, Lars; Knuth, Matthias; Schweer, Oliver (2006): Ein Jahr &#8220;Arbeitsgemeinschaft&#8221; aufgrund von &#8220;Hartz IV&#8221;: das Beispiel ARGE Ost. Studie im Auftrag der Hans-B\u00f6ckler-Stiftung. Abschlussbericht. D\u00fcsseldorf. <a href=\"https:\/\/knuth.ocloud.de\/index.php\/s\/6AHRaykHPG8ZBJo\" target=\"_blank\" rel=\"noopener\"><i class=\"fas fa-download\"><\/i><\/a><\/p>\n<p>Zwick, Thomas; Ammerm\u00fcller, A.; Bernhard, Sarah; Boockmann, Bernhard; Brussig, Martin; Jaenichen, Ursula et al. (2006): Evaluation der Ma\u00dfnahmen zur Umsetzung der Vorschl\u00e4ge der Hartz-Kommission. Arbeitspaket 1: Wirksamkeit der Instrumente, Modul 1d: Eingliederungszusch\u00fcsse und Entgeltsicherung. Endbericht 2006 durch den Forschungsverbund. <a href=\"https:\/\/knuth.ocloud.de\/index.php\/s\/e63L7oFBcEGfm4Y\" target=\"_blank\" rel=\"noopener\"><i class=\"fas fa-download\"><\/i><\/a><\/p>\n<p>Knuth, Matthias (2007): Implementing the new basic allowance for job seekers in Germany. Discussion Paper, Peer Review Programme of the European Employment Strategy. <a href=\"https:\/\/knuth.ocloud.de\/index.php\/s\/KbrnJkSKP4kZ2MK\" target=\"_blank\" rel=\"noopener\"><i class=\"fas fa-download\"><\/i><\/a><\/p>\n<p>Erlinghagen, Marcel; Knuth, Matthias (2008): Why are Germans unemployed but other Europeans incapacitated? Uncovering institutional myths of employment policy success.Paper prepared for the IAB \/ DGS conference \u2019Activation policies on the fringes of society\u2019, May 15\/16, 2008. Institut f\u00fcr Arbeitsmarkt- und Berufsforschung (IAB). N\u00fcrnberg. <a href=\"http:\/\/doku.iab.de\/veranstaltungen\/2008\/activation_2008_erlinghagen_knuth.pdf\" target=\"_blank\" rel=\"noopener\"><i class=\"fas fa-download\"><\/i><\/a><\/p>\n<p>Kirsch, Johannes; Knuth, Matthias; M\u00fchge, Gernot; Schweer, Oliver (2009): Chancen der Integration von Leistungsprozessen in der getrennten Aufgabenwahrnehmung im SGB II. Abschlussbericht des Projektes GAW. Gef\u00f6rdert durch die Hans-B\u00f6ckler-Stiftung. IAQ. Duisburg. <a href=\"https:\/\/knuth.ocloud.de\/index.php\/s\/iXBNXNTmMfeCHRY\" target=\"_blank\" rel=\"noopener\"><i class=\"fas fa-download\"><\/i><\/a><\/p>\n<p>Knuth, Matthias; Kirsch, Johannes; M\u00fchge, Gernot (2009): Aktivit\u00e4t von Teilnehmern in der Transfergesellschaft. Ergebnisse der Befragung von EGF-gef\u00f6rderten Teilnehmern der Nokia-Transfergesellschaft, Bochum. Institut Arbeit und Qualifikation. Duisburg. <a href=\"https:\/\/knuth.ocloud.de\/index.php\/s\/a2mPgPN2mmLT7nj\" target=\"_blank\" rel=\"noopener\"><i class=\"fas fa-download\"><\/i><\/a><\/p>\n<p>Barbier, Jean-Claude; Knuth, Matthias (2010): Of similarities and divergences : why there is no continental ideal-type of \u201cactivation reforms\u201d (Documents de Travail du Centre d\u2019Economie de la Sorbonne, 75). <a href=\"https:\/\/knuth.ocloud.de\/index.php\/s\/naSrsQM55YGRdqm\" target=\"_blank\" rel=\"noopener\"><i class=\"fas fa-download\"><\/i><\/a><\/p>\n<p>Knuth, Matthias (2010): National background paper Germany. 27 national seminars: anticipating &amp; managing restructuring. \u00a0ILO International Training Centre. Torino. <a href=\"https:\/\/knuth.ocloud.de\/index.php\/s\/7sqDSkew5zecyEn\" target=\"_blank\" rel=\"noopener\"><i class=\"fas fa-download\"><\/i><\/a><\/p>\n<p>Knuth, Matthias (2010): Nationales Hintergrundpapier Deutschland. 27 nationale Seminare: Antizipation und Bew\u00e4ltigung von Restrukturierung. ILO International Training Centre. Turin. <a href=\"https:\/\/knuth.ocloud.de\/index.php\/s\/T9csLBL2o8wz4ea\" target=\"_blank\" rel=\"noopener\"><i class=\"fas fa-download\"><\/i><\/a><\/p>\n<p>Brussig, Martin; Jansen, Andreas; Knuth, Matthias (2011): Differenzierte Altersgrenzen in der Rentenversicherung aufgrund beruflicher Belastungen? Vor\u00fcberlegungen f\u00fcr ein empirisches Konzept. Expertise im Auftrag der Abteilung Wirtschafts- und Sozialpolitik der Friedrich-Ebert-Stiftung. Friedrich-Ebert-Stiftung. Bonn (WISO Diskurs). <a href=\"http:\/\/www.fes.de\/cgi-bin\/gbv.cgi?id=08729&amp;ty=pdf\" target=\"_blank\" rel=\"noopener\"><i class=\"fas fa-download\"><\/i><\/a><\/p>\n<p>Brussig, Martin; Knuth, Matthias (2011): Die Zukunft der Grundsicherung. Individualisieren, konzentrieren, intensivieren. Expertise im Auftrag der Abteilung Wirtschafts- und Sozialpolitik der Friedrich-Ebert-Stiftung. Friedrich-Ebert-Stiftung. Bonn (WISO Diskurs). <a href=\"http:\/\/library.fes.de\/pdf-files\/wiso\/08713.pdf\" target=\"_blank\" rel=\"noopener\"><i class=\"fas fa-download\"><\/i><\/a><\/p>\n<p>Knuth, Matthias (2011): Schriftliche Stellungnahme zur \u00f6ffentlichen Anh\u00f6rung von Sachverst\u00e4ndigen in Berlin am 5. September 2011 zum Entwurf eines Gesetzes zur Verbesserung der Eingliederungschancen am Arbeitsmarkt (BT-Drucksache 17\/6277). Berlin (Bundestags-Ausschuss-Drucksache, 17(11)594). <a href=\"http:\/\/webarchiv.bundestag.de\/archive\/2013\/1212\/bundestag\/ausschuesse17\/a11\/anhoerungen\/2011\/73_Sitzung\/17_11_594.pdf\" target=\"_blank\" rel=\"noopener\"><i class=\"fas fa-download\"><\/i><\/a><\/p>\n<p>Knuth, Matthias (2012): PES and older workers. The European Commission Mutual Learning Programme for Public Employment Services. Peer Review &#8211; Comparative Paper. European Commission DG Employment, Social Affairs and Inclusion (PES\u00a0to PES\u00a0dialogue). <a href=\"http:\/\/ec.europa.eu\/social\/BlobServlet?docId=7816&amp;langId=en\" target=\"_blank\" rel=\"noopener\"><i class=\"fas fa-download\"><\/i><\/a><\/p>\n<p>Knuth, Matthias; Kirsch, Johannes; Schwarzkopf, Manuela (2012): Besch\u00e4ftigtentransfer Plus in NRW. Abschlussbericht. Duisburg. <a href=\"https:\/\/knuth.ocloud.de\/index.php\/s\/HLGZRnSZgNASiGt\" target=\"_blank\" rel=\"noopener\"><i class=\"fas fa-download\"><\/i><\/a><\/p>\n<p>Knuth, Matthias; Niewerth, Claudia; Stegmann, Tim; Zink, Lina; Boockmann, Bernhard; Br\u00e4ndle, Tobias et al. (2012): Evaluation der Zweiten Phase des Bundesprogramms \u201ePerspektive 50plus \u2013 Besch\u00e4ftigungspakte f\u00fcr \u00c4ltere in den Regionen&#8221; (2008 \u2013 2010). Abschlussbericht. IAQ; IAW &#8211; Institut f\u00fcr Angewandte Wirtschaftsforschung. Duisburg, T\u00fcbingen. <a href=\"https:\/\/knuth.ocloud.de\/index.php\/s\/WEAw7MGdjPi9YoW\" target=\"_blank\" rel=\"noopener\"><i class=\"fas fa-download\"><\/i><\/a><\/p>\n<p>Rodriguez, Ricardo; Sprenger, Wim; Bergstr\u00f6m, Ola; Mauleon, Chrisina; Knuth, Matthias (2012): Young professional and managerial staff facing changes in the work place. Final report. <a href=\"https:\/\/knuth.ocloud.de\/index.php\/s\/xwG3gTNWZ9CegaA\" target=\"_blank\" rel=\"noopener\"><i class=\"fas fa-download\"><\/i><\/a><\/p>\n<p>Knuth, Matthias; Kirsch, Johannes; Zink, Lina (2013): Ans\u00e4tze zur Entwicklung eines \u201eSozialen Arbeitsmarktes\u201c. Studie im Auftrag des Deutschen Parit\u00e4tischen Wohlfahrtsverbandes, Landesverband Baden-W\u00fcrttemberg. Duisburg, Essen. <a href=\"https:\/\/knuth.ocloud.de\/index.php\/s\/PGefHAne52FqNpF\" target=\"_blank\" rel=\"noopener\"><i class=\"fas fa-download\"><\/i><\/a><\/p>\n<p>Jansen, Andreas; Knuth, Matthias (2014): National report on the labour market position of vulnerable groups in Germany. University of Duisburg-Essen. Duisburg (INSPIRES working paper series, 8). <a href=\"https:\/\/knuth.ocloud.de\/index.php\/s\/7b4BzC8s9zsG9Z8\" target=\"_blank\" rel=\"noopener\"><i class=\"fas fa-download\"><\/i><\/a><\/p>\n<p>Jansen, Andreas; Knuth, Matthias (2014): Identifying Policy Innovations Increasing Labour Market Resilience and Inclusion of Vulnerable Groups. National Report &#8211; Germany. University of Duisburg-Essen. Duisburg (INSPIRES working paper series, 20). <a href=\"https:\/\/knuth.ocloud.de\/index.php\/s\/A93LsqBxQtRaTTR\" target=\"_blank\" rel=\"noopener\"><i class=\"fas fa-download\"><\/i><\/a><\/p>\n<p>Knuth, Matthias (2014): \u201eUnm\u00f6gliches wird sofort erledigt &#8211; Wunder dauern etwas l\u00e4nger\u201c. Arbeitsmarktreformen und \u201eBesch\u00e4ftigungswunder\u201c in Deutschland. Europ\u00e4ischer Wirtschafts- und Sozialausschuss &#8211; Gruppe Arbeitnehmer. <a href=\"https:\/\/knuth.ocloud.de\/index.php\/s\/aDgns3QSS7P68n2\" target=\"_blank\" rel=\"noopener\"><i class=\"fas fa-download\"><\/i><\/a><\/p>\n<p>Knuth, Matthias (2014): \u00abL\u2019impossible est en cours &#8211; Pour les miracles, pr\u00e9voir un petit d\u00e9lai\u00bb. Les r\u00e9formes du march\u00e9 du travail et le \u00abmiracle de l\u2019emploi\u00bb en Allemagne. Comit\u00e9 \u00e9conomique et social europ\u00e9en &#8211; Groupe des travailleurs. <a href=\"https:\/\/knuth.ocloud.de\/index.php\/s\/QdMnCa9ZzmLiix6\" target=\"_blank\" rel=\"noopener\"><i class=\"fas fa-download\"><\/i><\/a><\/p>\n<p>Knuth, Matthias (2014): &#8220;The impossible gets done at once; the miraculous takes a little longer&#8221;. Labour market reforms and the &#8220;jobs miracle&#8221; in Germany. European Economic and Social Committee &#8211; Workers&#8217; Group. <a href=\"https:\/\/knuth.ocloud.de\/index.php\/s\/Bpk7ida2YdiGitC\" target=\"_blank\" rel=\"noopener\"><i class=\"fas fa-download\"><\/i><\/a><\/p>\n<p>Knuth, Matthias (2014): Rosige Zeiten am Arbeitsmarkt? Strukturreformen und &#8220;Besch\u00e4ftigungswunder&#8221;. Expertise im Auftrag der Abteilung Wirtschafts- und Sozialpolitik der Friedrich-Ebert-Stiftung. Friedrich-Ebert-Stiftung. Bonn (WISO Diskurs). <a href=\"http:\/\/www.fes.de\/cgi-bin\/gbv.cgi?id=10866&amp;ty=pdf\" target=\"_blank\" rel=\"noopener\"><i class=\"fas fa-download\"><\/i><\/a><\/p>\n<p>Knuth, Matthias (2014): Wo, bitte, ist denn hier der Ausgang? Ruhestandsoptionen f\u00fcr gesundheitlich beeintr\u00e4chtigte Besch\u00e4ftigte und Langzeitarbeitslose &#8211; Ein Beitrag zur Diskussion um die &#8220;Flexi-Rente&#8221;. Expertise im Auftrag der Abteilung Wirtschafts- und Sozialpolitik der Friedrich-Ebert-Stiftung. Friedrich-Ebert-Stiftung. Bonn (WISO Diskurs). <a href=\"http:\/\/library.fes.de\/pdf-files\/wiso\/10983.pdf\" target=\"_blank\" rel=\"noopener\"><i class=\"fas fa-download\"><\/i><\/a><\/p>\n<p>Knuth, Matthias; M\u00fchge, Gernot; Kirsch, Johannes (2014): Managing restructuring in Germany. Innovation and learning after the financial crisis. Moliere (IRENE policy paper, 7). <a href=\"https:\/\/knuth.ocloud.de\/index.php\/s\/HcsSAGRbPgnF6zq\" target=\"_blank\" rel=\"noopener\"><i class=\"fas fa-download\"><\/i><\/a><\/p>\n<p>Knuth, Matthias; Tenambergen, Thomas (2015): &#8220;Inklusiver Arbeitsmarkt&#8221;. Vereinheitlichung der \u00f6ffentlich gef\u00f6rderten Besch\u00e4ftigung f\u00fcr behinderte und nicht behinderte Menschen? Gutachten f\u00fcr die Fraktion B\u00dcNDNIS\u00a090 \/\u00a0DIE\u00a0GR\u00dcNEN\u00a0im Landtag NRW. D\u00fcsseldorf. <a href=\"http:\/\/www.iatev.de\/downloads\/2015_knuth_ten.pdf\" target=\"_blank\" rel=\"noopener\"><i class=\"fas fa-download\"><\/i><\/a><\/p>\n<p>Knuth, Matthias (2016): Arbeitsmarktintegration von Fl\u00fcchtlingen. Arbeitsmarktpolitik reformieren, Qualifikationen vermitteln. Friedrich-Ebert-Stiftung (WISO Diskurs, 21). <a href=\"http:\/\/library.fes.de\/pdf-files\/wiso\/12914.pdf\" target=\"_blank\" rel=\"noopener\"><i class=\"fas fa-download\"><\/i><\/a><\/p>\n<p>Knuth, Matthias (2016): Interregionaler Arbeitsmarktausgleich und F\u00f6rderung der Mobilit\u00e4t von Langzeitarbeitslosen. Kurzexpertise f\u00fcr die Wirtschaftsf\u00f6rderung Dortmund. Dezember 2016. Arbeitsforschung und Transfer e.V. (ATeV). Duisburg. <a href=\"http:\/\/www.iatev.de\/downloads\/2016_knuth.pdf\" target=\"_blank\" rel=\"noopener\"><i class=\"fas fa-download\"><\/i><\/a><\/p>\n<p>Bl\u00e4sche, Alexandra; Brandherm, Ruth; Eckhardt, Christoph; K\u00e4pplinger, Bernd; Knuth, Matthias; Kruppe, Thomas et al. (2017): Qualit\u00e4tsoffensive strukturierte Weiterbildung in Deutschland. Korrigierte Fassung, Mai 2017. Hans-B\u00f6ckler-Stiftung (Working Paper Forschungsf\u00f6rderung, 025).<a href=\"https:\/\/knuth.ocloud.de\/index.php\/s\/xbBEkBooAiyrWd3\" target=\"_blank\" rel=\"noopener\"> <i class=\"fas fa-download\"><\/i><\/a><\/p>\n<p>Kaps, Petra; Bothfeld, Silke; Brussig, Martin; Hofmann, Tina; Knuth, Matthias (2017): Normen und Strukturen einer solidarischen und investiven Arbeitsmarktpolitik. Hans-B\u00f6ckler-Stiftung. D\u00fcsseldorf (Working Paper Forschungsf\u00f6rderung, 047). <a href=\"https:\/\/knuth.ocloud.de\/index.php\/s\/kA6cNArqgzwyzHG\" target=\"_blank\" rel=\"noopener\"><i class=\"fas fa-download\"><\/i><\/a><\/p>\n<p>Knuth, Matthias (2017): Kernpunkte eines dauerhaften Sozialen Arbeitsmarktes. Fachbeitrag f\u00fcr die Gesellschaft f\u00fcr innovative Besch\u00e4ftigungsf\u00f6rderung mbH NRW. unv. Manuskript, April 2017. <a href=\"https:\/\/knuth.ocloud.de\/index.php\/s\/WHNjx5FFnYWaWDX\" target=\"_blank\" rel=\"noopener\"><i class=\"fas fa-download\"><\/i><\/a><\/p>\n<p>Graevskaia, Alexandra; Klammer, Ute; Knuth, Matthias (2018): Nachqualifizierung als Strategie vorbeugender Sozialpolitik. Eine Untersuchung zu Angeboten, Nutzung und Entwicklungsm\u00f6glichkeiten der akademischen Nach- und Weiterqualifizierung zugewanderter Akademiker_innen. Unter Mitarbeit von Elena Burawzew. Forschungsinstitut f\u00fcr Gesellschaftliche Weiterentwicklung (FGW). D\u00fcsseldorf (FGW-Studie Vorbeugende Sozialpolitik, 12). <a href=\"https:\/\/knuth.ocloud.de\/index.php\/s\/d2xdfE9E49nGnjm\" target=\"_blank\" rel=\"noopener\"><i class=\"fas fa-download\"><\/i><\/a><\/p>\n<p>Knuth, Matthias (2020): Eigenverantwortung st\u00e4rken oder Unm\u00fcndigkeit verfestigen? Gegenwart und Zukunft der Grundsicherung. Verabschiedung von Dr. Matthias Schulze-B\u00f6ing als Gesch\u00e4ftsf\u00fchrer der MainArbeit, Offenbach, am 11.12.2020 (Videokonferenz). <a href=\"https:\/\/knuth.ocloud.de\/index.php\/s\/KJLQLn4HtbjAfzB\" target=\"_blank\" rel=\"noopener\"><i class=\"fas fa-download\"><\/i><\/a><\/p>\n<p>Knuth, Matthias (2020): Was uns zusammenh\u00e4lt: Wie erreichen wir mehr Teilhabechancen bei Ausbildung und Besch\u00e4ftigung? Friedrich-Ebert-Stiftung (F\u00fcr ein besseres Morgen). <a href=\"http:\/\/www.fes.de\/cgi-bin\/gbv.cgi?id=16008&amp;ty=pdf\" target=\"_blank\" rel=\"noopener\"><i class=\"fas fa-download\"><\/i><\/a><\/p>\n<p>Knuth, Matthias (2021): Transformative Arbeitsmarktpolitik. Herausforderungen der Arbeitsmarktpolitik unter den Bedingungen der \u201ekonfluenten Digitalisierung\u201c. Im Auftrag der Hans-B\u00f6ckler-Stiftung Forschungsstelle \u201eArbeit der Zukunft\u201c. Hans-B\u00f6ckler-Stiftung. D\u00fcsseldorf (Working Paper Forschungsf\u00f6rderung, 219). <a href=\"https:\/\/www.boeckler.de\/fpdf\/HBS-008052\/p_fofoe_WP_219_2021.pdf\" target=\"_blank\" rel=\"noopener\"><i class=\"fas fa-download\"><\/i><\/a><\/p>\n<p>Knuth, Matthias (2022): Der Corona-Effekt. Was wissen wir \u00fcber die Arbeitsmarktsituation von Migrant \u0332innen und Gefl\u00fcchteten in der Pandemie? Friedrich-Ebert-Stiftung (FES Diskurs). <a href=\"http:\/\/library.fes.de\/pdf-files\/a-p-b\/18824.pdf\" target=\"_blank\" rel=\"noopener\"><i class=\"fas fa-download\"><\/i><\/a><\/p>\n<p>Knuth, Matthias (2023): Benachteiligung durch Gleichbehandlung. Wie kam es zum Ausschluss von Zugewanderten mit ausl\u00e4ndischem Hochschulabschluss von der Studienf\u00f6rderung nach dem Bundesausbildungsf\u00f6rderungsgesetz? (DIFIS-Studie, 12). <a href=\"https:\/\/mknuth.net\/wp-content\/uploads\/2023\/12\/DIFIS-Studie-12-2023.pdf\" target=\"_blank\" rel=\"noopener\"><i class=\"fas fa-download\"><\/i><\/a><\/p>\n<p>Knuth, Matthias (2025): Arbeitsmarktpolitische Integration von gefl\u00fcchteten Frauen \u2013 eine Literaturstudie. G.I.B.-Beitr\u00e4ge zur Arbeits- und Sozialpolitik (16). <a href=\"https:\/\/gib.nrw.de\/wp-content\/uploads\/2025\/06\/GIB-Beitraege_2025-16_Studie_gefluechte_Frauen_Arbeitsmarkt.pdf\" target=\"_blank\" rel=\"noopener\"><i class=\"fas fa-download\"><\/i><\/a><\/p>\n<p>&nbsp;<\/p>\n<p>&nbsp;<\/p>\n<p style=\"text-align: right;\"><a id=\"bottom\"><\/a><a href=\"#top\"><i class=\"fas fa-arrow-up fa-2x\"><\/i>\u00a0 <span style=\"font-size: 28px;\"><strong>Zum Seitenanfang<\/strong><\/span><\/a><\/p>\n","protected":false},"excerpt":{"rendered":"<p>\u00a0 Zum Seitenende Knuth, Matthias; B\u00fcttner, Reinhardt; Schank, Gerd (1983): Zustandekommen und Analyse von Betriebsvereinbarungen und praktische Erfahrungen mit Einigungsstellen. Bd. I: Ergebnisse. Bundesministerium f\u00fcr Arbeit und Sozialordnung. Bonn (Forschungsbericht, 107). Knuth, Matthias; Vanselow, Achim (1995): \u00dcber den Sozialplan hinaus. Neue Besch\u00e4ftigungsperspektiven bei Personalabbau. Berlin (Schriftenreihe der Senatsverwaltung f\u00fcr Arbeit, Berufliche Bildung und Frauen,17). Knuth, &#8230; <a title=\"Forschungsberichte und Arbeitspapiere\" class=\"read-more\" href=\"https:\/\/mknuth.net\/index.php\/forschungsberichte-und-arbeitspapiere\/\" aria-label=\"Read more about Forschungsberichte und Arbeitspapiere\">Read more<\/a><\/p>\n","protected":false},"author":1,"featured_media":0,"parent":0,"menu_order":0,"comment_status":"closed","ping_status":"closed","template":"","meta":{"footnotes":""},"class_list":["post-63","page","type-page","status-publish"],"_links":{"self":[{"href":"https:\/\/mknuth.net\/index.php\/wp-json\/wp\/v2\/pages\/63","targetHints":{"allow":["GET"]}}],"collection":[{"href":"https:\/\/mknuth.net\/index.php\/wp-json\/wp\/v2\/pages"}],"about":[{"href":"https:\/\/mknuth.net\/index.php\/wp-json\/wp\/v2\/types\/page"}],"author":[{"embeddable":true,"href":"https:\/\/mknuth.net\/index.php\/wp-json\/wp\/v2\/users\/1"}],"replies":[{"embeddable":true,"href":"https:\/\/mknuth.net\/index.php\/wp-json\/wp\/v2\/comments?post=63"}],"version-history":[{"count":10,"href":"https:\/\/mknuth.net\/index.php\/wp-json\/wp\/v2\/pages\/63\/revisions"}],"predecessor-version":[{"id":261,"href":"https:\/\/mknuth.net\/index.php\/wp-json\/wp\/v2\/pages\/63\/revisions\/261"}],"wp:attachment":[{"href":"https:\/\/mknuth.net\/index.php\/wp-json\/wp\/v2\/media?parent=63"}],"curies":[{"name":"wp","href":"https:\/\/api.w.org\/{rel}","templated":true}]}}