{"id":53,"date":"2023-07-28T16:33:47","date_gmt":"2023-07-28T16:33:47","guid":{"rendered":"https:\/\/mknuth.net\/?page_id=53"},"modified":"2025-12-15T09:53:11","modified_gmt":"2025-12-15T09:53:11","slug":"zeitschriftenaufsatze","status":"publish","type":"page","link":"https:\/\/mknuth.net\/index.php\/zeitschriftenaufsatze\/","title":{"rendered":"Zeitschriftenaufs\u00e4tze"},"content":{"rendered":"<p style=\"text-align: right;\"><a href=\"#bottom\"><i class=\"fas fa-arrow-down fa-2x\"><\/i>\u00a0 <span style=\"font-size: 28px;\"><strong>Zum Seitenende<\/strong><\/span><\/a><\/p>\n<p class=\"CitaviLiteraturverzeichnis\"><a id=\"Top\"><\/a>Hoyer, Helmut; Knuth, Matthias (1976): Die teilautonome Gruppe &#8211; Strategie des Kapitals oder Chance f\u00fcr die Arbeiter? In: <i>Kursbuch <\/i>(43), S. 118\u2013132.<\/p>\n<p class=\"CitaviLiteraturverzeichnis\">Knuth, Matthias (1991): Qualifikationslohn in einem offenen Verhandlungsmodell. Die Firma V\u00f6gele praktiziert die Philosophie k\u00fcnftiger Tarifpolitik. In: <i>Die Mitbestimmung <\/i>(3), S. 164-168.<\/p>\n<p class=\"CitaviLiteraturverzeichnis\">Bosch, Gerhard; Knuth, Matthias (1992): Besch\u00e4ftigungsgesellschaften in den alten und neuen Bundesl\u00e4ndern. In: <i>WSI-Mitteilungen <\/i>45 (7), S. 431\u2013439.<\/p>\n<p class=\"CitaviLiteraturverzeichnis\">Knuth, Matthias (1992): Eine Br\u00fccke zu neuen Ufern? Gesellschaften zur Arbeitsf\u00f6rderung, Besch\u00e4ftigung und Strukturentwicklung (ABS-Gesellschaften) in den neuen Bundesl\u00e4ndern. In: <i>Sozialer Fortschritt <\/i>41 (8), S. 177\u2013183.<\/p>\n<p class=\"CitaviLiteraturverzeichnis\">Knuth, Matthias (1992): Shaping work and technology: West German trade unions, the quality of work and industrial relations. In: <i>International Contributions to Labour Studies <\/i>(2), p. 35\u201359.<\/p>\n<p class=\"CitaviLiteraturverzeichnis\">Knuth, Matthias; Weinkopf, Claudia (1992): Die &#8220;\u00fcberbetriebliche Stammbelegschaft&#8221;: Vereinbarkeit von Einsatzflexibilit\u00e4t und sozialer Sicherheit durch Arbeitskr\u00e4ftepools? In: <i>Soziale Sicherheit <\/i>(4), S. 101\u2013104.<\/p>\n<p class=\"CitaviLiteraturverzeichnis\">Bosch, Gerhard; Knuth, Matthias (1993): The labour market in East Germany. In: <i>Cambridge Journal of Economics <\/i>17 (3), S. 295\u2013308.<\/p>\n<p class=\"CitaviLiteraturverzeichnis\">Knuth, Matthias (1994): ABS-Gesellschaften in der ostdeutschen Transformation. In: <i>Arbeit und Arbeitsrecht <\/i>(8), S. 225\u2013228.<\/p>\n<p class=\"CitaviLiteraturverzeichnis\">Knuth, Matthias (1994): Sammelrezension \u00fcber vier empirische Untersuchungen zu ABS-Gesellschaften. In: <i>Sozialer Fortschritt <\/i>43 (1), S. 28\u201329.<\/p>\n<p class=\"CitaviLiteraturverzeichnis\">Knuth, Matthias (1995): ABS-Gesellschaften zwischen Abbau und Aufbau. In: <i>WSI-Mitteilungen <\/i>48 (7), S. 438\u2013443.<\/p>\n<p class=\"CitaviLiteraturverzeichnis\">Knuth, Matthias (1997): Sozialplanpolitik am Wendepunkt. \u00c4nderungen des Arbeitsf\u00f6rderungsgesetzes und der Altersgrenzen. In: <i>Soziale Sicherheit <\/i>(6), S. 201\u2013208.<\/p>\n<p class=\"CitaviLiteraturverzeichnis\">Kirsch, Johannes; Knuth, Matthias (2001): Berufliche Neuorientierung bei Arbeitsplatzverlust &#8211; ein deutsch-franz\u00f6sischer Vergleich. In: <i>WSI-Mitteilungen <\/i>54 (1), S. 36\u201341.<\/p>\n<p class=\"CitaviLiteraturverzeichnis\">Kirsch, Johannes; Knuth, Matthias (2001): Restructurations \u00e9conomiques et protection des transitions: approches contrast\u00e9es en France et en Allemagne. In: <i>Travail et Emploi <\/i>(87), p. 29\u201345.<\/p>\n<p class=\"CitaviLiteraturverzeichnis\">Knuth, Matthias; Krone, Sirikit (2001): Besch\u00e4ftigtentransfer durch gef\u00f6rderte Sozialplanma\u00dfnahmen: Noch unzureichend genutzte Chance arbeitsmarktpolitischer Fr\u00fchintervention. In: <i>Sozialer Fortschritt <\/i>50 (6), S. 147\u2013154.<\/p>\n<p class=\"CitaviLiteraturverzeichnis\">Knuth, Matthias; Kalina, Thorsten (2002): Early exit from the labour force between exclusion and privilege: unemployment as a transition from employment to retirement in West Germany. In: <i>European Societies <\/i>4 (4), p. 393\u2013418. <a href=\"http:\/\/doi.org\/10.1080\/1461669022000022351\" target=\"_blank\" rel=\"noopener\"><i class=\"fas fa-external-link-alt\"><\/i><\/a><\/p>\n<p class=\"CitaviLiteraturverzeichnis\">Bosch, Gerhard; Knuth, Matthias (2003): Andamenti recenti del mhttp:\/\/doi 10.1080\/1461669022000022351ercato del lavoro tedesco. In: <i>L&#8217;Assistenza Sociale <\/i>(1-2), p. 75\u2013102.<\/p>\n<p class=\"CitaviLiteraturverzeichnis\">Bosch, Gerhard; Knuth, Matthias (2003): Das deutsche Besch\u00e4ftigungssystem im 13. Jahr nach der Vereinigung. In: <i>WSI-Mitteilungen <\/i>56 (5), S. 275\u2013283. <a href=\"http:\/\/www.boeckler.de\/pdf\/wsimit_2003_05_bosch_knuth.pdf\" target=\"_blank\" rel=\"noopener\"><i class=\"fas fa-download\"><\/i><\/a><\/p>\n<p class=\"CitaviLiteraturverzeichnis\">Erlinghagen, Marcel; Knuth, Matthias (2003): Arbeitsmarktdynamik zwischen \u00f6ffentlicher Wahrnehmung und empirischer Realit\u00e4t. In: <i>WSI-Mitteilungen <\/i>56 (8), S. 503\u2013509.<\/p>\n<p class=\"CitaviLiteraturverzeichnis\">Erlinghagen, Marcel; Knuth, Matthias (2004): In search of turbulence: labour market mobility and job stability in Germany. In: <i>European Societies <\/i>6 (1), p. 49\u201370.<\/p>\n<p class=\"CitaviLiteraturverzeichnis\">Erlinghagen, Marcel; Knuth, Matthias (2004): The evolution of labour market dynamics in West Germany from the doom of industrialisation to the dawn of the service economy. In: <i>Economia &amp; Lavoro <\/i>38 (2), p. 91\u2013114.<\/p>\n<p class=\"CitaviLiteraturverzeichnis\">Brussig, Martin; Knuth, Matthias (2006): Altersgrenzenpolitik und Arbeitsmarkt. Zur Heraufsetzung des gesetzlichen Rentenalters. In: <i>WSI-Mitteilungen <\/i>59 (6), S. 307\u2013313. <a href=\"http:\/\/www.boeckler.de\/pdf\/wsimit_2006_06_brussig.pdf\" target=\"_blank\" rel=\"noopener\"><i class=\"fas fa-download\"><\/i><\/a><\/p>\n<p class=\"CitaviLiteraturverzeichnis\">Knuth, Matthias (2006): &#8220;Hartz IV&#8221; &#8211; die unbegriffene Reform. Wandel der Erwerbsordnung durch Verallgemeinerung des F\u00fcrsorge-Regimes. In: <i>Sozialer Fortschritt <\/i>55 (7), S. 160\u2013168.<\/p>\n<p class=\"CitaviLiteraturverzeichnis\">Brussig, Martin; Knuth, Matthias; Wojtkowski, Sascha (2008): Die Erwerbst\u00e4tigkeit im Alter steigt &#8211; die Besch\u00e4ftigungslosigkeit auch. In: <i>WSI-Mitteilungen <\/i>61 (11\/12), S. 597\u2013604.<\/p>\n<p class=\"CitaviLiteraturverzeichnis\">B\u00e4cker, Gerhard; Brussig, Martin; Jansen, Andreas; Knuth, Matthias; Nordhause-Janz, J\u00fcrgen (2009): Besch\u00e4ftigungsm\u00f6glichkeiten f\u00fcr \u00e4ltere Arbeitnehmer-\/innen und Risiken im Alters\u00fcbergang: Aktuelle Trends und Entwicklungsperspektiven. In: <i>Deutsche Rentenversicherung <\/i>64 (2), S. 93\u2013114.<\/p>\n<p class=\"CitaviLiteraturverzeichnis\">Boockmann, Bernhard; Brussig, Martin; Knuth, Matthias; Thomsen, Stephan L.; Walter, Thomas (2009): Mikro\u00f6konomische Wirkungs- und Effizienzanalyse:\u00a0Ergebnisse aus dem Untersuchungsfeld 3. In: <i>ifo-Schnelldienst <\/i>62 (1), S. 39\u201347. (Forschungsergebnisse zum Vergleich von Modellen der Aufgabenwahrnehmung im SGB II)<\/p>\n<p class=\"CitaviLiteraturverzeichnis\">Brussig, Martin; Knuth, Matthias (2009): Individuelle Besch\u00e4ftigungsf\u00e4higkeit: Konzept, Operationalisierung und erste Ergebnisse. In: <i>WSI-Mitteilungen <\/i>62 (6), S. 287\u2013294.<\/p>\n<p class=\"CitaviLiteraturverzeichnis\">Christensen, Tom; Knuth, Matthias; L\u00e6greid, Per; Wiggan, Jay (2009): Reforms of Welfare Administration and Policy\u2014A Comparison of Complexity and Hybridization. An Introduction. In: <i>International Journal of Public Administration <\/i>32 (12), p. 1001\u20131005. <a href=\"http:\/\/doi.org\/10.1080\/01900690903136098\" target=\"_blank\" rel=\"noopener\"><i class=\"fas fa-external-link-alt\"><\/i><\/a><\/p>\n<p class=\"CitaviLiteraturverzeichnis\">Knuth, Matthias (2009): Path shifting and path dependence: Labour market policy reforms under German federalism. In: <i>International Journal of Public Administration <\/i>32 (12), p. 1048\u20131069.<\/p>\n<p class=\"CitaviLiteraturverzeichnis\">Brussig, Martin; Knuth, Matthias (2010): Aktivierung! Oder De-Aktivierung? Intensit\u00e4t und Wirkung der Aktivierung bei \u00e4lteren ALG II-Bezieher\/innen. In: <i>Arbeit <\/i>19 (4), S. 253\u2013266.<\/p>\n<p class=\"CitaviLiteraturverzeichnis\">Brussig, Martin; Knuth, Matthias (2010): Rise up and work! Workless people with impaired health under Germany\u2019s new activation regime. In: <i>Social Policy and Society <\/i>9 (3), p. 311\u2013323. <a href=\"http:\/\/journals.cambridge.org\/action\/displayIssue?jid=SPS&amp;volumeId=9&amp;issueId=03&amp;seriesId=0#\" target=\"_blank\" rel=\"noopener\"><i class=\"fas fa-external-link-alt\"><\/i><\/a><\/p>\n<p class=\"CitaviLiteraturverzeichnis\">Brussig, Martin; Knuth, Matthias (2010): Zugewanderte und ihre Nachkommen in Hartz IV. In: <i>Aus Politik und Zeitgeschichte <\/i>(48). <a href=\"http:\/\/www.bpb.de\/publikationen\/U1XAJ9,0,Zugewanderte_und_ihre_Nachkommen_in_Hartz_IV.html\" target=\"_blank\" rel=\"noopener\"><i class=\"fas fa-external-link-alt\"><\/i><\/a><\/p>\n<p class=\"CitaviLiteraturverzeichnis\">Brussig, Martin; Walter, Thomas; Knuth, Matthias; Boockmann, Bernhard (2010): Die Ver\u00e4nderung individueller Besch\u00e4ftigungsf\u00e4higkeit durch arbeitsmarktpolitische Intervention. Eine empirische Analyse f\u00fcr ALG II-Beziehende. In: <i>Sozialer Fortschritt <\/i>59 (10-11), S. 279\u2013289.<\/p>\n<p class=\"CitaviLiteraturverzeichnis\">Erlinghagen, Marcel; Knuth, Matthias (2010): Unemployment as an institutional construct? Structural differences in non-employment in Europe and the United States. In: <i>Journal of Social Policy <\/i>39 (1), S. 71\u201394. <a href=\"http:\/\/journals.cambridge.org\/action\/displayFulltext?type=1&amp;fid=6730848&amp;jid=JSP&amp;volumeId=39&amp;issueId=01&amp;aid=6730840&amp;fromPage=cupadmin\" target=\"_blank\" rel=\"noopener\"><i class=\"fas fa-external-link-alt\"><\/i><\/a><\/p>\n<p class=\"CitaviLiteraturverzeichnis\">Knuth, Matthias (2010): Die Gesetzes\u00e4nderungen bei den Transferleistungen. Neue Chancen f\u00fcr Besch\u00e4ftigung &#8211; oder f\u00fcr B\u00fcrokratie? In: <i>Soziale Sicherheit <\/i>(9), S. 285\u2013291.<\/p>\n<p class=\"CitaviLiteraturverzeichnis\">Knuth, Matthias (2010): F\u00fcnf Jahre Hartz IV: Zwischenbilanz und Reformbedarf. In: <i>Orientierungen zur Wirtschafts- und Gesellschaftspolitik <\/i>(123), S. 14\u201323.<\/p>\n<p class=\"CitaviLiteraturverzeichnis\">Knuth, Matthias (2010): Waking up to the reality of welfare recipiency? Migrants in Germany&#8217;s minimum income benefit scheme (&#8220;Hartz IV&#8221;). In: <i>AWR-Bulletin <\/i>48 (2-3), p. 146\u2013156.<\/p>\n<p class=\"CitaviLiteraturverzeichnis\">Knuth, Matthias; Larsen, Flemming (2010): Increasing roles for municipalities in delivering public employment services. The cases of Germany and Denmark. In: <i>European Journal of Social Security <\/i>12 (3), p. 174\u2013199.<\/p>\n<p class=\"CitaviLiteraturverzeichnis\">Barbier, Jean-Claude; Knuth, Matthias (2011): Activating social protection against unemployment. France and Germany compared. In: <i>Sozialer Fortschritt <\/i>60 (1-2), p. 15\u201324.<\/p>\n<p class=\"CitaviLiteraturverzeichnis\">Brussig, Martin; Knuth, Matthias (2011): Alterserwerbst\u00e4tigkeit und Alters\u00fcbergang:\u00a0Alte und neue Herausforderungen. In: <i>Informationsdienst Altersfragen <\/i>38 (4), S. 3\u20137.<\/p>\n<p class=\"CitaviLiteraturverzeichnis\">Brussig, Martin; Knuth, Matthias (2011): Am Vorabend der Rente mit 67. Erkenntnisstand und Erkenntnisl\u00fccken zur Entwicklung der Erwerbschancen \u00c4lterer. In: <i>WSI-Mitteilungen <\/i>64 (3), S. 99\u2013106.<\/p>\n<p class=\"CitaviLiteraturverzeichnis\">Knuth, Matthias (2011): Instrumentenklempnerei bei aktiver Arbeitsmarktpolitik. In: <i>Soziale Sicherheit <\/i>(10), S. 324.<\/p>\n<p class=\"CitaviLiteraturverzeichnis\">Knuth, Matthias (2011): Perspektiven einer nachhaltigen Aktivierungsstrategie. In: <i>forum arbeit <\/i>(4), S. 7\u20139.<\/p>\n<p class=\"CitaviLiteraturverzeichnis\">Knuth, Matthias (2011): Widerspr\u00fcchliche Dynamiken im deutschen Arbeitsmarkt. In: <i>WSI-Mitteilungen <\/i>64 (11), S. 580\u2013587.<\/p>\n<p class=\"CitaviLiteraturverzeichnis\">Knuth, Matthias; Kirsch, Johannes; M\u00fchge, Gernot (2011): Restructuring and occupational mobility. Support for job transitions in European comparison. In: <i>UNIKATE <\/i>(40), S. 108\u2013118.<\/p>\n<p class=\"CitaviLiteraturverzeichnis\">M\u00fcmken, Sarah; Brussig, Martin; Knuth, Matthias (2011): Arbeitslosigkeit am Ende des Erwerbslebens. Vor der Anhebung des Renteneintrittsalters:\u00a0Wenig F\u00f6rderung \u00e4lterer Arbeitsloser. In: <i>Soziale Sicherheit <\/i>(2), S. 51\u201359.<\/p>\n<p class=\"CitaviLiteraturverzeichnis\">Knuth, Matthias (2012): Anerkennung und Arbeitsmarktzugang. In: <i>IQ\u00a0konkret <\/i>(1), S. 23\u201324.<\/p>\n<p class=\"CitaviLiteraturverzeichnis\">Knuth, Matthias (2012): On contradictions of \u2018low wage policies\u2019: The German example. In: <i>International Labor Brief <\/i>10 (1), S. 24\u201341.<\/p>\n<p class=\"CitaviLiteraturverzeichnis\">Knuth, Matthias (2013): Editorial. In: <i>Sozialer Fortschritt <\/i>62 (1), S. 1\u20132. <a href=\"http:\/\/doi.org\/10.3790\/sfo.62.1.1.\" target=\"_blank\" rel=\"noopener\"><i class=\"fas fa-external-link-alt\"><\/i><\/a><\/p>\n<p class=\"CitaviLiteraturverzeichnis\">Knuth, Matthias; Stegmann, Tim; Zink, Lina (2013): Chancen f\u00fcr \u00e4ltere Langzeitarbeitslose: Wie das Bundesprogramm &#8220;Perspektive 50plus&#8221; wirkt. In: <i>Soziale Sicherheit <\/i>(7), S. 251\u2013259.<\/p>\n<p class=\"CitaviLiteraturverzeichnis\">Jacobsen, Heike; Knuth, Matthias (2014): Erwerbsarbeit um welchen Preis? Kehrseiten des deutschen Arbeitsmarktwunders. Editorial. In: <i>Arbeit <\/i>23 (3), S. 171\u2013178.<\/p>\n<p class=\"CitaviLiteraturverzeichnis\">Kaps, Petra; Knuth, Matthias (2014): Arbeitsmarkt und soziale Sicherung:\u00a0Zeit f\u00fcr eine neue Agenda. Editorial. In: <i>WSI-Mitteilungen <\/i>67 (3), S. 172.<\/p>\n<p class=\"CitaviLiteraturverzeichnis\">Knuth, Matthias (2014): Arbeitsmarktentwicklung und Hartz I\u2013IV: Gesundung des Arbeitsmarktes durch die Hartz-Reformen? In: <i>Soziale Sicherheit <\/i>(12), S. 435\u2013441.<\/p>\n<p class=\"CitaviLiteraturverzeichnis\">Knuth, Matthias (2014): Broken hierarchies, quasi-markets, and supported networks. A governance experiment in the second tier of Germany&#8217;s public employment service. In: <i>Social Policy &amp; Administration <\/i>48 (2), p. 240\u2013261. <a href=\"http:\/\/DOI: 10.1111\/spol.12059.\" target=\"_blank\" rel=\"noopener\"><i class=\"fas fa-external-link-alt\"><\/i><\/a><\/p>\n<p class=\"CitaviLiteraturverzeichnis\">Knuth, Matthias (2014): Schneller, mehr, billiger? Ma\u00dfnahmen der aktiven Arbeitsf\u00f6rderung (SGB III) bzw. Eingliederung (SGB II)\u00a0als Dienstleistungsmarkt. In: <i>Sozialrecht aktuell <\/i>18 (Sonderheft 2014), S. 52\u201357.<\/p>\n<p class=\"CitaviLiteraturverzeichnis\">Knuth, Matthias; Kaps, Petra (2014): Arbeitsmarktreformen und &#8220;Besch\u00e4ftigungswunder&#8221; in Deutschland. In: <i>WSI-Mitteilungen <\/i>67 (3), S. 173\u2013181.<\/p>\n<p class=\"CitaviLiteraturverzeichnis\">Jacob, Katharina; Knuth, Matthias (2015): Studienf\u00f6rderung f\u00fcr die akademische Nachqualifizierung von Migranten: Fehlanzeige. In: <i>WSI-Mitteilungen <\/i>68 (5), S. 383\u2013387.<\/p>\n<p class=\"CitaviLiteraturverzeichnis\">Knuth, Matthias (2017): Arbeitsmarktpolitik &#8211; investiv und solidarisch. In: <i>forum arbeit <\/i>(2), S. 12\u201317.<\/p>\n<p class=\"CitaviLiteraturverzeichnis\">Knuth, Matthias (2017): Fehl-(ende) F\u00f6rderung gefl\u00fcchteter Frauen. In: <i>IQ\u00a0konkret <\/i>(3), 12-13. <a href=\"http:\/\/www.netzwerk-iq.de\/fileadmin\/Redaktion\/Downloads\/IQ_Publikationen\/IQ_konkret\/2017_03_IQ_konkret.pdf\" target=\"_blank\" rel=\"noopener\"><i class=\"fas fa-download\"><\/i><\/a><\/p>\n<p class=\"CitaviLiteraturverzeichnis\">Knuth, Matthias (2017): Vorschl\u00e4ge f\u00fcr eine solidarische und sozialinvestive Arbeitsmarktpolitik. In: <i>Nachrichtendienst des Deutschen Vereins f\u00fcr \u00f6ffentliche und private F\u00fcrsorge <\/i>(November), S. 1\u20137.<\/p>\n<p class=\"CitaviLiteraturverzeichnis\">Knuth, Matthias (2018): Arbeitsf\u00f6rderung f\u00fcr Langzeitarbeitslose. R\u00fcckschl\u00fcsse aus bisherigen Programmen und Instrumenten der Arbeitsmarktpolitik. In: <i>Soziale Sicherheit <\/i>(7), S. 275\u2013280.<\/p>\n<p class=\"CitaviLiteraturverzeichnis\">Knuth, Matthias (2018): Arbeitsmarktpolitik als Inklusionsprojekt? In: <i>WSI-Mitteilungen <\/i>71 (6), S. 456\u2013467.<\/p>\n<p class=\"CitaviLiteraturverzeichnis\">Knuth, Matthias (2018): Fachkr\u00e4fteorientierte Einwanderungspolitik. Erfahrungen aus der Fl\u00fcchtlingsintegration nutzen. In: <i>clavis <\/i>(5), S. 4\u20137. <i class=\"fas fa-download\"><\/i><\/p>\n<p class=\"CitaviLiteraturverzeichnis\">Knuth, Matthias (2018): Hartz IV: Abschaffen? \u00dcberwinden? Weiterentwickeln? Verabschiedung von Dogmen w\u00fcrde das Grundsicherungssystem gerechter machen. In: <i>Soziale Sicherheit <\/i>67 (10), S. 360\u2013366.<\/p>\n<p class=\"CitaviLiteraturverzeichnis\">Knuth, Matthias (2018): Herausforderungen an die berufliche Weiterbildung. In: <i>IQ\u00a0konkret <\/i>(3), S. 36\u201337.\u00a0<a href=\"https:\/\/www.netzwerk-iq.de\/fileadmin\/Redaktion\/Downloads\/IQ_Publikationen\/IQ_konkret\/2018_03_IQ_konkret.pdf\" target=\"_blank\" rel=\"noopener\"><i class=\"fas fa-download\"><\/i><\/a><\/p>\n<p class=\"CitaviLiteraturverzeichnis\">Knuth, Matthias (2018): Sozialer Arbeitsmarkt \u2013 ein Ansatz zur Erf\u00fcllung des Teilhabeauftrags des SGB II. In: <i>Zeitschrift f\u00fcr Wirtschaftspolitik <\/i>67 (2), S. 174\u2013188. <a href=\"http:\/\/doi.org\/10.1515\/zfwp-2018-0013\" target=\"_blank\" rel=\"noopener\"><i class=\"fas fa-external-link-alt\"><\/i><\/a><\/p>\n<p class=\"CitaviLiteraturverzeichnis\">Knuth, Matthias (2018): Was ist der Soziale Arbeitsmarkt? Wie die GroKo das Problem der Langzeitarbeitslosigkeit in den Griff bekommen will. In: <i>Personalf\u00fchrung <\/i>(6), S. 30\u201334.<\/p>\n<p class=\"CitaviLiteraturverzeichnis\">Brettschneider, Antonio; Brussig, Martin; Klammer, Ute; Knuth, Matthias (2019): Editorial: Von der \u201eGuten Arbeit\u201c zur \u201eGuten Erwerbsbiografie\u201c \u2013 Voraussetzungen, Widerspr\u00fcche, Gestaltungsperspektiven. In: <i>Sozialer Fortschritt <\/i>68 (11), S. 839\u2013845.<\/p>\n<p class=\"CitaviLiteraturverzeichnis\">Knuth, Matthias (2019): Vorw\u00e4rts und Hartz IV\u00a0zur\u00fccklassen? In: <i>ifo-Schnelldienst <\/i>72 (6), S. 12\u201314. <a href=\"https:\/\/www.cesifo-group.de\/DocDL\/sd-2019-06-jung-kuhn-etal-hartz-iv-2019-2019.03.21.pdf\" target=\"_blank\" rel=\"noopener\"><i class=\"fas fa-download\"><\/i><\/a><\/p>\n<p class=\"CitaviLiteraturverzeichnis\">Klammer, Ute; Graevskaia, Alexandra; Knuth, Matthias (2020): Wo wenig viel bewirken k\u00f6nnte: Nach- und Weiterbildungsm\u00f6glichkeiten f\u00fcr hochqualifizierte Zugewanderte auf dem steinigen Weg in den deutschen Arbeitsmarkt. In: <i>Migration und Soziale Arbeit <\/i>42 (3), S. 205\u2013213.<\/p>\n<p class=\"CitaviLiteraturverzeichnis\">Knuth, Matthias (2020): Ausweg aus der F\u00f6rderungsfalle. Studium in einem anderen Fach nach fluchtbedingtem Studienabbruch &#8211; Verwaltungsgericht findet neuen Ansatz. In: <i>Soziale Sicherheit <\/i>69 (10), S. 367\u2013371.<\/p>\n<p class=\"CitaviLiteraturverzeichnis\">Knuth, Matthias (2020): Das &#8220;Migrationspaket&#8221;. Was bringt es f\u00fcr die Arbeits- und Ausbildungsmigration? In: <i>dvb forum <\/i>59 (2), S. 46\u201352.<\/p>\n<p class=\"CitaviLiteraturverzeichnis\">Knuth, Matthias (2020): Das Bundesausbildungsf\u00f6rderungsgesetz in der Einwanderungsgesellschaft. Das Bundesverwaltungsgericht sorgt mit aktuellem Urteil f\u00fcr mehr Klarheit. In: <i>Soziale Sicherheit <\/i>69 (5), 193-198.<\/p>\n<p class=\"CitaviLiteraturverzeichnis\">Knuth, Matthias (2020): Immer weiter mit Bildung. In: <i>WSI-Mitteilungen <\/i>73 (4), S. 307\u2013310. <a href=\"http:\/\/doi.org\/10.5771\/0342-300X-2020-4-307\" target=\"_blank\" rel=\"noopener\"><i class=\"fas fa-external-link-alt\"><\/i><\/a><\/p>\n<p class=\"CitaviLiteraturverzeichnis\">Knuth, Matthias (2020): Per Achterbahn zum Sozialen Arbeitsmarkt. Zur Vorgeschichte des \u201eTeilhabechancengesetzes\u201c. In: <i>Sozialer Fortschritt <\/i>69 (12), S. 797\u2013824.<\/p>\n<p class=\"CitaviLiteraturverzeichnis\">Knuth, Matthias (2021): Studienf\u00f6rderung:\u00a0Mittelbare Benachteiligung von Gefl\u00fcchteten mit Auslandsstudium. In: <i>Zeitschrift f\u00fcr Flucht- und Fl\u00fcchtlingsforschung <\/i>5 (2), S. 270\u2013308. <a href=\"http:\/\/doi.org\/10.5771\/2509-9485-2021-2-270\" target=\"_blank\" rel=\"noopener\"><i class=\"fas fa-external-link-alt\"><\/i><\/a><\/p>\n<p class=\"CitaviLiteraturverzeichnis\">Knuth, Matthias (2021): Transformative Arbeitsmarktpolitik. In: <i>forum arbeit <\/i>(3), S. 7\u201311. <a href=\"https:\/\/www.bagarbeit.de\/wp-content\/uploads\/2021\/10\/forum-arbeit-03_2021.pdf\" target=\"_blank\" rel=\"noopener\"><i class=\"fas fa-download\"><\/i><\/a><\/p>\n<p class=\"CitaviLiteraturverzeichnis\">Karle, Isolde; Knuth, Matthias; Paul, Martin (2022): Keine Flickschusterei betreiben. Zum Entwurf f\u00fcr ein 27. BAf\u00f6G-\u00c4nderungsgesetz. In: <i>Forschung &amp; Lehre <\/i>(6), 454-455.<\/p>\n<p class=\"CitaviLiteraturverzeichnis\">Knuth, Matthias (2022): Arbeitsmarktpolitik in der Transformation. Nicht nur gef\u00e4hrdete Erwerbsverl\u00e4ufe reparieren, sondern in ver\u00e4nderungswillige Menschen investieren. In: <i>Soziale Sicherheit <\/i>(8-9), S. 311\u2013316.<\/p>\n<p class=\"CitaviLiteraturverzeichnis\">Knuth, Matthias (2022): Neue und vielf\u00e4ltigere Bildungsbiografien besser f\u00f6rdern \u2013 nur f\u00fcr Bildungsinl\u00e4nder:innen? Zum Entwurf f\u00fcr ein 27. BAf\u00f6G-\u00c4nderungsgesetz. In: <i>Soziale Sicherheit <\/i>71 (5), S. 196\u2013200.<\/p>\n<p>Jacobsen, Heike; Knuth, Matthias; Pfl\u00fccke, Virginia Kimey (2023): Der Arbeitsmarkt der Lausitz vor dem Kohleausstieg. In: <em>WSI-Mitteilungen<\/em> 76 (4), S. 243\u2013251. <a href=\"https:\/\/knuth.ocloud.de\/index.php\/s\/rS7ajpCxc8sCFeP\" target=\"_blank\" rel=\"noopener\"><i class=\"fas fa-download\"><\/i><\/a><\/p>\n<p>Knuth, Matthias (2024): Hilfe aus einer oder wie vielen H\u00e4nden? In: <em>Sozialer Fortschritt<\/em> 73 (4), S. 319\u2013330. DOI: 10.3790\/sfo.2024.1436205.<\/p>\n<p>Knuth, Matthias (2025): Formelle Gleichbehandlung als Mechanismus der Ausschlie\u00dfung von terti\u00e4rer Bildung. 40 Jahre Auseinandersetzung \u00fcber BAf\u00f6G-F\u00f6rderungsanspr\u00fcche von Bildungsausl\u00e4nder:innen mit Auslandsstudium \u2013 und ein L\u00f6sungsvorschlag. In: Sozialer Fortschritt 74 (1), S. 27\u201354.<a href=\"https:\/\/elibrary.duncker-humblot.com\/article\/74939\/download\" target=\"_blank\" rel=\"noopener\"> <i class=\"fas fa-download\"><\/i><\/a><\/p>\n<p>Brussig, Martin; Knuth, Matthias (2025): Zwanzig Jahre Fordern und F\u00f6rdern \u2013 mit nachlassendem Erfolg. In: Sozialer Fortschritt 74 (11\u201312), S. 639\u2013661. DOI: 10.3790\/sfo.2025.1471502.<\/p>\n<p style=\"text-align: right;\"><a id=\"bottom\"><\/a><a href=\"#top\"><i class=\"fas fa-arrow-up fa-2x\"><\/i>\u00a0 <span style=\"font-size: 28px;\"><strong>Zum Seitenanfang<\/strong><\/span><\/a><\/p>\n","protected":false},"excerpt":{"rendered":"<p>\u00a0 Zum Seitenende Hoyer, Helmut; Knuth, Matthias (1976): Die teilautonome Gruppe &#8211; Strategie des Kapitals oder Chance f\u00fcr die Arbeiter? In: Kursbuch (43), S. 118\u2013132. Knuth, Matthias (1991): Qualifikationslohn in einem offenen Verhandlungsmodell. Die Firma V\u00f6gele praktiziert die Philosophie k\u00fcnftiger Tarifpolitik. In: Die Mitbestimmung (3), S. 164-168. Bosch, Gerhard; Knuth, Matthias (1992): Besch\u00e4ftigungsgesellschaften in den &#8230; <a title=\"Zeitschriftenaufs\u00e4tze\" class=\"read-more\" href=\"https:\/\/mknuth.net\/index.php\/zeitschriftenaufsatze\/\" aria-label=\"Read more about Zeitschriftenaufs\u00e4tze\">Read more<\/a><\/p>\n","protected":false},"author":1,"featured_media":0,"parent":0,"menu_order":0,"comment_status":"closed","ping_status":"closed","template":"","meta":{"footnotes":""},"class_list":["post-53","page","type-page","status-publish"],"_links":{"self":[{"href":"https:\/\/mknuth.net\/index.php\/wp-json\/wp\/v2\/pages\/53","targetHints":{"allow":["GET"]}}],"collection":[{"href":"https:\/\/mknuth.net\/index.php\/wp-json\/wp\/v2\/pages"}],"about":[{"href":"https:\/\/mknuth.net\/index.php\/wp-json\/wp\/v2\/types\/page"}],"author":[{"embeddable":true,"href":"https:\/\/mknuth.net\/index.php\/wp-json\/wp\/v2\/users\/1"}],"replies":[{"embeddable":true,"href":"https:\/\/mknuth.net\/index.php\/wp-json\/wp\/v2\/comments?post=53"}],"version-history":[{"count":20,"href":"https:\/\/mknuth.net\/index.php\/wp-json\/wp\/v2\/pages\/53\/revisions"}],"predecessor-version":[{"id":263,"href":"https:\/\/mknuth.net\/index.php\/wp-json\/wp\/v2\/pages\/53\/revisions\/263"}],"wp:attachment":[{"href":"https:\/\/mknuth.net\/index.php\/wp-json\/wp\/v2\/media?parent=53"}],"curies":[{"name":"wp","href":"https:\/\/api.w.org\/{rel}","templated":true}]}}