{"id":47,"date":"2023-07-28T15:14:01","date_gmt":"2023-07-28T15:14:01","guid":{"rendered":"https:\/\/mknuth.net\/?page_id=47"},"modified":"2023-08-01T13:10:06","modified_gmt":"2023-08-01T13:10:06","slug":"monografien-und-herausgeberschaften","status":"publish","type":"page","link":"https:\/\/mknuth.net\/index.php\/monografien-und-herausgeberschaften\/","title":{"rendered":"Monografien und Herausgeberschaften"},"content":{"rendered":"<h3>Monografien<\/h3>\n<p class=\"CitaviLiteraturverzeichnis\">Knuth, Matthias (1996): Drehscheiben im Strukturwandel. Agenturen f\u00fcr Mobilit\u00e4ts-, Arbeits- und Strukturf\u00f6rderung. Berlin: edition sigma.<\/p>\n<p class=\"CitaviLiteraturverzeichnis\">Kirsch, Johannes; Knuth, Matthias; Krone, Sirikit; M\u00fchge, Gernot; M\u00fcller, Angelika (2001): Zusch\u00fcsse zu Sozialplanma\u00dfnahmen. Langsame Fortschritte bei der Gestaltung betrieblicher und beruflicher Umbr\u00fcche. N\u00fcrnberg (Beitr\u00e4ge zur Arbeitsmarkt- und Berufsforschung, 242).<\/p>\n<p class=\"CitaviLiteraturverzeichnis\">B\u00e4cker, Gerhard; Brussig, Martin; Jansen, Andreas; Knuth, Matthias; Nordhause-Janz, J\u00fcrgen (2009): \u00c4ltere Arbeitnehmer. Erwerbst\u00e4tigkeit und soziale Sicherheit im Alter. Wiesbaden: VS Verlag f\u00fcr Sozialwissenschaften.<\/p>\n<p class=\"CitaviLiteraturverzeichnis\">Knuth, Matthias; M\u00fchge, Gernot (2009): Von der Kurz-Arbeit zur langfristigen Sicherung von Erwerbsverl\u00e4ufen. Weiterentwicklung der Instrumente des Besch\u00e4ftigtentransfers. D\u00fcsseldorf: Hans-B\u00f6ckler-Stiftung (edition Hans B\u00f6ckler Stiftung, 244). <a href=\"http:\/\/www.gbv.de\/dms\/zbw\/623781158.pdf\" target=\"_blank\" rel=\"noopener\"><i class=\"fas fa-download\"><\/i><\/a><\/p>\n<p class=\"CitaviLiteraturverzeichnis\">Kirsch, Johannes; Knuth, Matthias; M\u00fchge, Gernot; Schweer, Oliver (2010): Der Abschied von der Dienstleistung aus einer Hand. Die getrennte Wahrnehmung der Aufgaben nach dem Sozialgesetzbuch II. Berlin: edition sigma (Forschung aus der Hans-B\u00f6ckler-Stiftung, 111).<\/p>\n<p class=\"CitaviLiteraturverzeichnis\">Greer, Ian; Breidahl, Karen; Knuth, Matthias; Larsen, Flemming; Breidahl, Karen N. (2017): The marketization of employment services. The dilemmas of Europe&#8217;s work-first welfare states. Oxford: Oxford University Press.<\/p>\n<h3>Herausgeberschaften<\/h3>\n<p class=\"CitaviLiteraturverzeichnis\">Br\u00f6dner, Peter; Knuth, Matthias (Hg.) (2002): Nachhaltige Arbeitsgestaltung. Trendreports zur Entwicklung und Nutzung von Humanressourcen. M\u00fcnchen und Mering: Rainer Hampp Verlag (Bilanzierung innovativer Arbeitsgestaltung, 3).<\/p>\n<p class=\"CitaviLiteraturverzeichnis\">Kieselbach, Thomas; Knuth, Matthias; Jeske, Debora; M\u00fchge, Gernot (Hg.) (2009): Innovative Restrukturierung von Unternehmen:\u00a0Fallstudien und Analysen. 1. Aufl. M\u00fcnchen und Mering: Rainer Hampp Verlag (ESF-Projekt monitoring innovative restructuring in Europe (MIRE)).<\/p>\n<p class=\"CitaviLiteraturverzeichnis\">Knuth, Matthias (Hg.) (2010): Arbeitsmarktintegration und Integrationspolitik. Zur notwendigen Verkn\u00fcpfung zweier Politikfelder. Eine Untersuchung \u00fcber SGB II-Leistungsbeziehende mit Migrationshintergrund. Mit einem Vorwort von Ursula von der Leyen. 1. Aufl. Baden-Baden: Nomos Verlagsgesellschaft.<\/p>\n<p>Arbeitskreis Arbeitsmarktpolitik (2018): Solidarische und sozialinvestive Arbeitsmarktpolitik. Vorschl\u00e4ge des Arbeitskreises Arbeitsmarktpolitik. Koordination und Gesamtredaktion:\u00a0Matthias Knuth. Hans-B\u00f6ckler-Stiftung. D\u00fcsseldorf (HBS-Study, 374). <a href=\"https:\/\/www.boeckler.de\/faust-detail.htm?sync_id=8005\" target=\"_blank\" rel=\"noopener\"><i class=\"fas fa-download\"><\/i><\/a><\/p>\n<p>&nbsp;<\/p>\n","protected":false},"excerpt":{"rendered":"<p>Monografien Knuth, Matthias (1996): Drehscheiben im Strukturwandel. Agenturen f\u00fcr Mobilit\u00e4ts-, Arbeits- und Strukturf\u00f6rderung. Berlin: edition sigma. Kirsch, Johannes; Knuth, Matthias; Krone, Sirikit; M\u00fchge, Gernot; M\u00fcller, Angelika (2001): Zusch\u00fcsse zu Sozialplanma\u00dfnahmen. Langsame Fortschritte bei der Gestaltung betrieblicher und beruflicher Umbr\u00fcche. N\u00fcrnberg (Beitr\u00e4ge zur Arbeitsmarkt- und Berufsforschung, 242). B\u00e4cker, Gerhard; Brussig, Martin; Jansen, Andreas; Knuth, Matthias; Nordhause-Janz, &#8230; <a title=\"Monografien und Herausgeberschaften\" class=\"read-more\" href=\"https:\/\/mknuth.net\/index.php\/monografien-und-herausgeberschaften\/\" aria-label=\"Read more about Monografien und Herausgeberschaften\">Read more<\/a><\/p>\n","protected":false},"author":1,"featured_media":0,"parent":0,"menu_order":0,"comment_status":"closed","ping_status":"closed","template":"","meta":{"footnotes":""},"class_list":["post-47","page","type-page","status-publish"],"_links":{"self":[{"href":"https:\/\/mknuth.net\/index.php\/wp-json\/wp\/v2\/pages\/47","targetHints":{"allow":["GET"]}}],"collection":[{"href":"https:\/\/mknuth.net\/index.php\/wp-json\/wp\/v2\/pages"}],"about":[{"href":"https:\/\/mknuth.net\/index.php\/wp-json\/wp\/v2\/types\/page"}],"author":[{"embeddable":true,"href":"https:\/\/mknuth.net\/index.php\/wp-json\/wp\/v2\/users\/1"}],"replies":[{"embeddable":true,"href":"https:\/\/mknuth.net\/index.php\/wp-json\/wp\/v2\/comments?post=47"}],"version-history":[{"count":4,"href":"https:\/\/mknuth.net\/index.php\/wp-json\/wp\/v2\/pages\/47\/revisions"}],"predecessor-version":[{"id":67,"href":"https:\/\/mknuth.net\/index.php\/wp-json\/wp\/v2\/pages\/47\/revisions\/67"}],"wp:attachment":[{"href":"https:\/\/mknuth.net\/index.php\/wp-json\/wp\/v2\/media?parent=47"}],"curies":[{"name":"wp","href":"https:\/\/api.w.org\/{rel}","templated":true}]}}