{"id":222,"date":"2023-09-24T11:08:38","date_gmt":"2023-09-24T11:08:38","guid":{"rendered":"https:\/\/mknuth.net\/?page_id=222"},"modified":"2023-09-24T11:08:38","modified_gmt":"2023-09-24T11:08:38","slug":"vortrage","status":"publish","type":"page","link":"https:\/\/mknuth.net\/index.php\/vortrage\/","title":{"rendered":"Vortr\u00e4ge"},"content":{"rendered":"<p><a href=\"https:\/\/mknuth.net\/wp-content\/uploads\/2023\/09\/Auf-der-Suche-nach-unausgeschopften-Ausbildungspotenzialen.pdf\" target=\"_blank\" rel=\"noopener\"><b>Auf <\/b><b>der<\/b> <b>Suche<\/b> <b>nach<\/b> <b>unausgesch\u00f6pften<\/b> <b>Ausbildungspotenzialen<\/b><b>: <\/b><\/a><b>Bildungsausl\u00e4nder<\/b><b>*<\/b><b>innen<\/b><b> in <\/b><b>Helfer<\/b><b>*<\/b><b>innent\u00e4tigkeiten.\u00a0<\/b> Friedrich-Ebert-Stiftung, Wissenschaftlicher Fachworkshop &#8220;Aus Hilfskr\u00e4ften Fachkr\u00e4fte machen? Was l\u00e4sst sich aus den Entwicklungs- und Strukturdaten von Helfert\u00e4tigkeiten f\u00fcr die Fachkr\u00e4ftediskussion ableiten?&#8221; 03.05.2023, Berlin<\/p>\n<p><strong><a href=\"https:\/\/mknuth.net\/wp-content\/uploads\/2023\/09\/AMP-in-der-Transformation-BAG-IDA.pdf\" target=\"_blank\" rel=\"noopener\">Arbeitsmarkt(politik) in der Transformation<\/a>.<\/strong> Bundesarbeitsgemeinschaft Integration durch Arbeit (BAG IDA), Jahrestagung &#8220;Klimapolitik und Arbeitsmarktpolitik zusammen denken. Da geht noch mehr!&#8221;, 13.09.2023, Berlin<\/p>\n<p><strong><a href=\"https:\/\/mknuth.net\/wp-content\/uploads\/2023\/09\/BAfoG-nach-auslandischem-Abschluss-DIFIS.pdf\" target=\"_blank\" rel=\"noopener\">\u201eDurch Ihren im Ausland erworbenen Studienabschluss sind die F\u00f6rderungsm\u00f6glichkeiten ausgesch\u00f6pft\u201c<\/a>\u00a0<\/strong>. Zur Genese administrativer und legislativer Ausschl\u00fcsse transnationaler Bildungsverl\u00e4ufe von der Studienf\u00f6rderung nach BAf\u00f6G. Panel 3, Slot 1: &#8220;Transnationale soziale Sicherung in der Migrationsgesellschaft&#8221;.\u00a0FIS-Forum 2023 &#8220;Sozialpolitik f\u00fcr die n\u00e4chste(n) Generation(en), 21. (u. 22.) 9.2023, Berlin<\/p>\n","protected":false},"excerpt":{"rendered":"<p>Auf der Suche nach unausgesch\u00f6pften Ausbildungspotenzialen: Bildungsausl\u00e4nder*innen in Helfer*innent\u00e4tigkeiten.\u00a0 Friedrich-Ebert-Stiftung, Wissenschaftlicher Fachworkshop &#8220;Aus Hilfskr\u00e4ften Fachkr\u00e4fte machen? Was l\u00e4sst sich aus den Entwicklungs- und Strukturdaten von Helfert\u00e4tigkeiten f\u00fcr die Fachkr\u00e4ftediskussion ableiten?&#8221; 03.05.2023, Berlin Arbeitsmarkt(politik) in der Transformation. Bundesarbeitsgemeinschaft Integration durch Arbeit (BAG IDA), Jahrestagung &#8220;Klimapolitik und Arbeitsmarktpolitik zusammen denken. Da geht noch mehr!&#8221;, 13.09.2023, Berlin \u201eDurch &#8230; <a title=\"Vortr\u00e4ge\" class=\"read-more\" href=\"https:\/\/mknuth.net\/index.php\/vortrage\/\" aria-label=\"Read more about Vortr\u00e4ge\">Read more<\/a><\/p>\n","protected":false},"author":1,"featured_media":0,"parent":0,"menu_order":0,"comment_status":"closed","ping_status":"closed","template":"","meta":{"footnotes":""},"class_list":["post-222","page","type-page","status-publish"],"_links":{"self":[{"href":"https:\/\/mknuth.net\/index.php\/wp-json\/wp\/v2\/pages\/222","targetHints":{"allow":["GET"]}}],"collection":[{"href":"https:\/\/mknuth.net\/index.php\/wp-json\/wp\/v2\/pages"}],"about":[{"href":"https:\/\/mknuth.net\/index.php\/wp-json\/wp\/v2\/types\/page"}],"author":[{"embeddable":true,"href":"https:\/\/mknuth.net\/index.php\/wp-json\/wp\/v2\/users\/1"}],"replies":[{"embeddable":true,"href":"https:\/\/mknuth.net\/index.php\/wp-json\/wp\/v2\/comments?post=222"}],"version-history":[{"count":1,"href":"https:\/\/mknuth.net\/index.php\/wp-json\/wp\/v2\/pages\/222\/revisions"}],"predecessor-version":[{"id":225,"href":"https:\/\/mknuth.net\/index.php\/wp-json\/wp\/v2\/pages\/222\/revisions\/225"}],"wp:attachment":[{"href":"https:\/\/mknuth.net\/index.php\/wp-json\/wp\/v2\/media?parent=222"}],"curies":[{"name":"wp","href":"https:\/\/api.w.org\/{rel}","templated":true}]}}