{"id":152,"date":"2023-08-01T12:20:00","date_gmt":"2023-08-01T12:20:00","guid":{"rendered":"https:\/\/mknuth.net\/?page_id=152"},"modified":"2023-08-01T13:24:09","modified_gmt":"2023-08-01T13:24:09","slug":"projekte","status":"publish","type":"page","link":"https:\/\/mknuth.net\/index.php\/projekte\/","title":{"rendered":"Projekte"},"content":{"rendered":"<h3>Leitung gr\u00f6\u00dferer Projekte<\/h3>\n<h4>Zustandekommen und Analyse von Betriebsvereinbarungen und praktische Erfahrungen mit Einigungsstellen<\/h4>\n<p>1980-1982<br \/>\nBearbeitung: Reinhardt B\u00fcttner, Gerd Schank<br \/>\nAuftraggeber: Bundesministerium f\u00fcr Arbeit und Sozialordnung<br \/>\nProjektbericht: <a href=\"https:\/\/knuth.ocloud.de\/index.php\/s\/D4smLC8cXCtkEEj\" target=\"_blank\" rel=\"noopener\"><i class=\"fas fa-external-link-alt\"><\/i><\/a><\/p>\n<p>&nbsp;<\/p>\n<h4>Begleitforschung zu den Zusch\u00fcssen zu Sozialplanma\u00dfnahmen nach \u00a7 254ff. des Sozialgesetzbuches III<\/h4>\n<p>1998-2000<br \/>\nBearbeitung: Johannes Kirsch, Sirikit Krone, Gernot M\u00fchge, Angelika M\u00fcller<br \/>\nInformationen zum Projekt: <a href=\"https:\/\/www.uni-due.de\/iaq\/projektinfo.php?p=IAB\" target=\"_blank\" rel=\"noopener\"><i class=\"fas fa-external-link-alt\"><\/i><\/a><\/p>\n<p>&nbsp;<\/p>\n<h4><span lang=\"DE\">Restrukturierung des Arbeitsmarktes. Disaggregierte L\u00e4ngsschnittanalysen mit der IAB-Besch\u00e4ftigtenstichprobe<\/span><\/h4>\n<p><span lang=\"DE\">1999 &#8211; 2003<br \/>\nBearbeitung: Marcel Erlinghagen<br \/>\nInformationen zum Projekt: <a href=\"https:\/\/www.uni-due.de\/iaq\/projektinfo.php?p=RAM\" target=\"_blank\" rel=\"noopener\"><i class=\"fas fa-external-link-alt\"><\/i><\/a><\/span><\/p>\n<p>&nbsp;<\/p>\n<h4><span lang=\"DE\">The Changing Role of Employment Assistance in Germany and Great Britain<\/span><\/h4>\n<p><span lang=\"DE\">2003 &#8211; 2004<br \/>\nBearbeitung: Oliver Schweer<br \/>\nInformationen zum Projekt: <a href=\"https:\/\/www.uni-due.de\/iaq\/projektinfo.php?p=AGREA\" target=\"_blank\" rel=\"noopener\"><i class=\"fas fa-external-link-alt\"><\/i><\/a><\/span><\/p>\n<p>&nbsp;<\/p>\n<h4><span lang=\"DE\">Berichtssystem zum Alters\u00fcbergang aus der Sicht von Besch\u00e4ftigten und Betrieben (Alters\u00fcbergangs-Monitor)<\/span><\/h4>\n<p><span lang=\"DE\">2003 &#8211; 2008<br \/>\nBearbeitung: Renate B\u00fcttner, Martin Brussig, Sascha Wojtkowski<br \/>\nInformationen zum Projekt &#8211; Phase I: <a href=\"https:\/\/www.uni-due.de\/iaq\/projektinfo.php?p=A\u00dcM\" target=\"_blank\" rel=\"noopener\"><i class=\"fas fa-external-link-alt\"><\/i><\/a><br \/>\nPhase II: <a href=\"https:\/\/www.uni-due.de\/iaq\/projektinfo.php?p=A\u00dcM2\" target=\"_blank\" rel=\"noopener\"><i class=\"fas fa-external-link-alt\"><\/i><\/a><br \/>\n<\/span><\/p>\n<p>&nbsp;<\/p>\n<h4><span lang=\"DE\">Evaluation der Ma\u00dfnahmen zur Umsetzung der Vorschl\u00e4ge der Hartz-Kommission<\/span><\/h4>\n<p><span lang=\"DE\">2004 &#8211; 2006<br \/>\nBearbeitung: Martin Brussig, Oliver Schweer<br \/>\nInformationen zum Projekt: <a href=\"https:\/\/www.uni-due.de\/iaq\/projektinfo.php?p=EGZ\" target=\"_blank\" rel=\"noopener\"><i class=\"fas fa-external-link-alt\"><\/i><\/a><\/span><\/p>\n<p>&nbsp;<\/p>\n<h4><span lang=\"DE\">Monitoring Innovative Restructuring in Europe<\/span><\/h4>\n<p><span lang=\"DE\">2005 &#8211; 2007<br \/>\nBearbeitung: Gernot M\u00fchge<br \/>\nInformationen zum Projekt: <a href=\"https:\/\/www.uni-due.de\/iaq\/projektinfo.php?p=MIRE\" target=\"_blank\" rel=\"noopener\"><i class=\"fas fa-external-link-alt\"><\/i><\/a><\/span><\/p>\n<p>&nbsp;<\/p>\n<h4><span lang=\"DE\">Evaluation des Bundesprogramms &#8220;Perspektive 50plus &#8211; Besch\u00e4ftigungspakte in den Regionen&#8221;<\/span><\/h4>\n<p><span lang=\"DE\">2005 &#8211; 2012<br \/>\nBearbeitung: Renate B\u00fcttner, Tim Stegmann, Oliver Schweer, Lina Zink<br \/>\nInformationen zum Projekt &#8211; Phase I: <a href=\"https:\/\/www.uni-due.de\/iaq\/projektinfo.php?p=PAKTE\" target=\"_blank\" rel=\"noopener\"><i class=\"fas fa-external-link-alt\"><\/i><\/a><br \/>\nPhase II: <a href=\"https:\/\/www.uni-due.de\/iaq\/projektinfo\/p50plus.php\" target=\"_blank\" rel=\"noopener\"><i class=\"fas fa-external-link-alt\"><\/i><\/a><\/span><\/p>\n<p>&nbsp;<\/p>\n<h4><span lang=\"DE\">Evaluation der Experimentierklausel nach \u00a76c SGB II: vergleichende Evaluation des arbeitsmarktpolitischen Erfolgs der Modelle der Aufgabenwahrnehmung &#8220;Optierende Kommune&#8221; und &#8220;Arbeitsgemeinschaft&#8221; ; Untersuchungsfeld 3: &#8220;Wirkungs- und Effizienzanalyse&#8221;<\/span><\/h4>\n<p><span lang=\"DE\">2006 &#8211; 2008<br \/>\nBearbeitung: Prof. Dr. Martin Brussig, Dr. Andreas Jansen<br \/>\nInformationen zum Projekt: <a href=\"https:\/\/www.uni-due.de\/iaq\/projektinfo\/exuf3.php\" target=\"_blank\" rel=\"noopener\"><i class=\"fas fa-external-link-alt\"><\/i><\/a><\/span><\/p>\n<p>&nbsp;<\/p>\n<h4>Wirkungen des SGB II auf Personen mit Migrationshintergrund<\/h4>\n<p>2006 &#8211; 2009<br \/>\nBearbeitung: Martin Brussig<br \/>\nInformationen zum Projekt: <a href=\"https:\/\/www.uni-due.de\/iaq\/projektinfo\/gsm.php\" target=\"_blank\" rel=\"noopener\"><i class=\"fas fa-external-link-alt\"><\/i><\/a><\/p>\n<p>&nbsp;<\/p>\n<h4><span lang=\"DE\">Besch\u00e4ftigtentransfer Plus in NRW<\/span><\/h4>\n<p><span lang=\"DE\">2011 &#8211; 2012<br \/>\nBearbeitung: Johannes Kirsch, Manuela Schwarzkopf<br \/>\nInformationen zum Projekt: <a href=\"https:\/\/www.uni-due.de\/iaq\/projektinfo\/bt-mais.php\" target=\"_blank\" rel=\"noopener\"><i class=\"fas fa-external-link-alt\"><\/i><\/a><\/span><\/p>\n<p>&nbsp;<\/p>\n<h3><span lang=\"DE\">Innovative Social and Employment Policies for Inclusive and Resilient Labour Markets in Europe<\/span><\/h3>\n<p><span lang=\"DE\">2013 &#8211; 2016<br \/>\nBearbeitung: Andreas Jansen<br \/>\nInformationen zum Projekt: <a href=\"https:\/\/www.uni-due.de\/iaq\/projektinfo\/inspires.php\" target=\"_blank\" rel=\"noopener\"><i class=\"fas fa-external-link-alt\"><\/i><\/a><br \/>\n<\/span><\/p>\n<p>&nbsp;<\/p>\n<h3><span lang=\"DE\">Die Vermarktlichung von Arbeitsmarktdienstleistungen im europ\u00e4ischen Vergleich<\/span><\/h3>\n<p><span lang=\"DE\">2013 &#8211; 2015<br \/>\nBearbeitung: Johannes Kirsch<br \/>\nInformationen zum Projekt: <a href=\"https:\/\/www.uni-due.de\/iaq\/projektinfo\/mesec.php\" target=\"_blank\" rel=\"noopener\"><i class=\"fas fa-external-link-alt\"><\/i><\/a><\/span><\/p>\n","protected":false},"excerpt":{"rendered":"<p>Leitung gr\u00f6\u00dferer Projekte Zustandekommen und Analyse von Betriebsvereinbarungen und praktische Erfahrungen mit Einigungsstellen 1980-1982 Bearbeitung: Reinhardt B\u00fcttner, Gerd Schank Auftraggeber: Bundesministerium f\u00fcr Arbeit und Sozialordnung Projektbericht: &nbsp; Begleitforschung zu den Zusch\u00fcssen zu Sozialplanma\u00dfnahmen nach \u00a7 254ff. des Sozialgesetzbuches III 1998-2000 Bearbeitung: Johannes Kirsch, Sirikit Krone, Gernot M\u00fchge, Angelika M\u00fcller Informationen zum Projekt: &nbsp; Restrukturierung des &#8230; <a title=\"Projekte\" class=\"read-more\" href=\"https:\/\/mknuth.net\/index.php\/projekte\/\" aria-label=\"Read more about Projekte\">Read more<\/a><\/p>\n","protected":false},"author":1,"featured_media":0,"parent":0,"menu_order":0,"comment_status":"closed","ping_status":"closed","template":"","meta":{"footnotes":""},"class_list":["post-152","page","type-page","status-publish"],"_links":{"self":[{"href":"https:\/\/mknuth.net\/index.php\/wp-json\/wp\/v2\/pages\/152","targetHints":{"allow":["GET"]}}],"collection":[{"href":"https:\/\/mknuth.net\/index.php\/wp-json\/wp\/v2\/pages"}],"about":[{"href":"https:\/\/mknuth.net\/index.php\/wp-json\/wp\/v2\/types\/page"}],"author":[{"embeddable":true,"href":"https:\/\/mknuth.net\/index.php\/wp-json\/wp\/v2\/users\/1"}],"replies":[{"embeddable":true,"href":"https:\/\/mknuth.net\/index.php\/wp-json\/wp\/v2\/comments?post=152"}],"version-history":[{"count":10,"href":"https:\/\/mknuth.net\/index.php\/wp-json\/wp\/v2\/pages\/152\/revisions"}],"predecessor-version":[{"id":173,"href":"https:\/\/mknuth.net\/index.php\/wp-json\/wp\/v2\/pages\/152\/revisions\/173"}],"wp:attachment":[{"href":"https:\/\/mknuth.net\/index.php\/wp-json\/wp\/v2\/media?parent=152"}],"curies":[{"name":"wp","href":"https:\/\/api.w.org\/{rel}","templated":true}]}}