{"id":14,"date":"2023-07-26T15:09:33","date_gmt":"2023-07-26T15:09:33","guid":{"rendered":"https:\/\/mknuth.net\/?page_id=14"},"modified":"2025-02-12T09:31:59","modified_gmt":"2025-02-12T09:31:59","slug":"veroffentlichungen","status":"publish","type":"page","link":"https:\/\/mknuth.net\/index.php\/veroffentlichungen\/","title":{"rendered":"Online-Ver\u00f6ffentlichungsreihen"},"content":{"rendered":"<h3>DENK-doch-MAL.de &#8211; das Online-Magazin<\/h3>\n<p>Knuth, Matthias (2025): Weiterbildungs-Chancen-St\u00e4rkungs-F\u00f6rderungs-Gesetze f\u00fcr die Arbeit von Morgen. F\u00f6rderung der Weiterbildung von Besch\u00e4ftigten durch aktive Arbeitsf\u00f6rderung. 10. Februar 2025 (denk-doch-mal.de). <a href=\"https:\/\/denk-doch-mal.de\/matthias-knuth-weiterbildungschancenstaerkungsfoerderungsgesetze-fuer-die-arbeit-von-morgen-foerderung-der-weiterbildung-von-beschaeftigten-durch-aktive-arbeitsfoerderung\" target=\"_blank\" rel=\"noopener\"><i class=\"fa fa-external-link-alt fa-2x\"><\/i><\/a><\/p>\n<h3>IAT-Report<\/h3>\n<p>Knuth, Matthias; Kalina, Thorsten (2002): &#8220;Vorruhestand&#8221; verfestigt die Arbeitslosigkeit. Kalkulierte Arbeitslosigkeit \u00c4lterer behindert Aktivierung der Arbeitsmarktpolitik. Institut Arbeit und Technik (IAT-Report, 2). <a href=\"https:\/\/knuth.ocloud.de\/index.php\/s\/5PtLD5MZywnNwCw\" target=\"_blank\" rel=\"noopener\"><i class=\"fas fa-download\"><\/i><\/a><\/p>\n<p class=\"CitaviLiteraturverzeichnis\">Erlinghagen, Marcel; Knuth, Matthias (2002): Kein Turbo-Arbeitsmarkt in Sicht. Fluktuation stagniert &#8211; Besch\u00e4ftigungsstabilit\u00e4t nimmt zu. Institut Arbeit und Technik (IAT-Report, 4). <a href=\"https:\/\/knuth.ocloud.de\/index.php\/s\/HGHwqBgAAXSAasP\" target=\"_blank\" rel=\"noopener\"><i class=\"fas fa-download\"><\/i><\/a><\/p>\n<p class=\"CitaviLiteraturverzeichnis\">B\u00fcttner, Renate; Knuth, Matthias; Stender, Axel; Wei\u00df, Walter (2003): Geringere Weiterbildungsteilnahme im Ruhrgebiet. Weniger Besch\u00e4ftigte mit selbst\u00e4ndigen und kreativen T\u00e4tigkeiten, seltenere Einf\u00fchrung neuer Verfahren. Institut Arbeit und Technik (IAT-Report, 6). <a href=\"https:\/\/knuth.ocloud.de\/index.php\/s\/FgHktnToCBiwYBr\" target=\"_blank\" rel=\"noopener\"><i class=\"fas fa-download\"><\/i><\/a><\/p>\n<p class=\"CitaviLiteraturverzeichnis\">Finn, Dan; Knuth, Matthias (2004): Hartz oder Harrods? Reformen der Arbeitsf\u00f6rderung im Vereinigten K\u00f6nigreich. Institut Arbeit und Technik (IAT-Report, 4). <a href=\"https:\/\/knuth.ocloud.de\/index.php\/s\/Aqx6M2C8t9NSLkX\" target=\"_blank\" rel=\"noopener\"><i class=\"fas fa-download\"><\/i><\/a><\/p>\n<p class=\"CitaviLiteraturverzeichnis\">Brussig, Martin; Knuth, Matthias; Schweer, Oliver (2006): Arbeitsmarktpolitik f\u00fcr \u00e4ltere Arbeitslose. Erfahrungen mit &#8220;Entgeltsicherung&#8221; und &#8220;Beitragsbonus&#8221;. Institut Arbeit und Technik (IAT-Report, 2). <a href=\"https:\/\/knuth.ocloud.de\/index.php\/s\/G2wcHxGoHj8o79A\" target=\"_blank\" rel=\"noopener\"><i class=\"fas fa-download\"><\/i><\/a><\/p>\n<p>&nbsp;<\/p>\n<h3>Graue Reihe<\/h3>\n<p>Knuth, Matthias (1999): The toll of change. Economic restructuring, worker displacement and unemployment in West Germany. Institut Arbeit und Technik (Graue Reihe, 7). <a href=\"https:\/\/knuth.ocloud.de\/index.php\/s\/DjHzTJSDpBbRAzR\" target=\"_blank\" rel=\"noopener\"><i class=\"fas fa-download\"><\/i><\/a><\/p>\n<p class=\"CitaviLiteraturverzeichnis\">Knuth, Matthias (1999): Der Preis des Wandels. Wirtschaftliche Umstrukturierung, Arbeitskr\u00e4ftefreisetzung und Arbeitslosigkeit in Westdeutschland. Institut Arbeit und Technik (Graue Reihe, 8). <a href=\"https:\/\/knuth.ocloud.de\/index.php\/s\/XbBgtMGCYocHzjk\" target=\"_blank\" rel=\"noopener\"><i class=\"fas fa-download\"><\/i><\/a><\/p>\n<p class=\"CitaviLiteraturverzeichnis\">Erlinghagen, Marcel; Knuth, Matthias (2002): Auf der Suche nach dem &#8220;Turbo-Arbeitsmarkt&#8221;: Zwischenbericht an die Deutsche Forschungsgemeinschaft (DFG) zum Projekt &#8220;Restrukturierung des Arbeitsmarktes &#8211; Disaggregierte L\u00e4ngsschnittanalysen mit der IAB-Besch\u00e4ftigtenstichprobe&#8221; (Graue Reihe, 3). <a href=\"https:\/\/knuth.ocloud.de\/index.php\/s\/y8FFjbbeLmE3qXm\" target=\"_blank\" rel=\"noopener\"><i class=\"fas fa-download\"><\/i><\/a><\/p>\n<p class=\"CitaviLiteraturverzeichnis\">Kalina, Thorsten; Knuth, Matthias (2002): Arbeitslosigkeit als \u00dcbergang zwischen Besch\u00e4ftigung und Rente in Westdeutschland (Graue Reihe, 4). <a href=\"https:\/\/knuth.ocloud.de\/index.php\/s\/RJMDNKfkj9Jjmxo\" target=\"_blank\" rel=\"noopener\"><i class=\"fas fa-download\"><\/i><\/a><\/p>\n<p>&nbsp;<\/p>\n<h3>IAQ-Report<\/h3>\n<h3>(Institut Arbeit und Qualifikation, Universit\u00e4t Duisburg-Essen)<\/h3>\n<p class=\"CitaviLiteraturverzeichnis\">B\u00fcttner, Renate; Knuth, Matthias; Schweer, Oliver; Stegmann, Tim (2008): Perspektiven auf dem Arbeitsmarkt auch mit 50plus. Ausgew\u00e4hlte Ergebnisse aus der Evaluation des Bundesprogramms \u201ePerspektive 50plus\u201c f\u00fcr \u00e4ltere Langzeitarbeitslose (IAQ-Report, 2008-03). <a href=\"https:\/\/doi.org\/10.17185\/duepublico\/45627\" target=\"_blank\" rel=\"noopener\"><i class=\"fas fa-download\"><\/i><\/a><\/p>\n<p>Kirsch, Johannes; Knuth, Matthias; M\u00fchge, Gernot; Schweer, Oliver (2009): K\u00f6nnen wir nicht einfach gute Freunde bleiben\u2026? Getrennte Aufgabenwahrnehmung in der Grundsicherung f\u00fcr Arbeitsuchende bietet keine Zukunft. (IAQ-Report, 2009-04). <a href=\"https:\/\/duepublico2.uni-due.de\/servlets\/MCRFileNodeServlet\/duepublico_derivate_00044997\/IAQ-Report_2009_04.pdf\" target=\"_blank\" rel=\"noopener\"><i class=\"fas fa-download\"><\/i><\/a><\/p>\n<p class=\"CitaviLiteraturverzeichnis\">Brussig, Martin; Dittmar, Vera; Knuth, Matthias (2009): Verschenkte Potenziale. Fehlende Anerkennung von Qualifikationsabschl\u00fcssen erschwert die Erwerbsintegration von ALG II-Bezieher\/innen mit Migrationshintergrund (IAQ-Report, 2009-08). <a href=\"https:\/\/duepublico2.uni-due.de\/servlets\/MCRFileNodeServlet\/duepublico_derivate_00045037\/IAQ-Report_2009_08.pdf\" target=\"_blank\" rel=\"noopener\"><i class=\"fas fa-download\"><\/i><\/a><\/p>\n<p class=\"CitaviLiteraturverzeichnis\">Knuth, Matthias; Stegmann, Tim; Zink, Lina (2014): Die Wirkungen des Bundesprogramms \u201ePerspektive 50plus\u201c. Chancen f\u00fcr \u00e4ltere Langzeitarbeitslose (IAQ-Report, 2014.01). <a href=\"https:\/\/duepublico2.uni-due.de\/servlets\/MCRFileNodeServlet\/duepublico_derivate_00045080\/IAQ-Report_2014_01.pdf\" target=\"_blank\" rel=\"noopener\"><i class=\"fas fa-download\"><\/i><\/a><\/p>\n<p class=\"CitaviLiteraturverzeichnis\">Klammer, Ute; Graevskaia, Alexandra; Knuth, Matthias (2018): Hochqualifiziert zugewandert \u2013 und dann? Angebote, Nutzung und Entwicklungsbedarfe der Nach- und Weiterqualifizierung zugewanderter Akademiker_innen (IAQ-Report, 2018-07). <a href=\"https:\/\/duepublico2.uni-due.de\/servlets\/MCRFileNodeServlet\/duepublico_derivate_00046983\/IAQ-Report_2018_07.pdf\" target=\"_blank\" rel=\"noopener\"><i class=\"fas fa-download\"><\/i><\/a><\/p>\n<p>&nbsp;<\/p>\n<h3>Alters\u00fcbergangsreport<\/h3>\n<p class=\"CitaviLiteraturverzeichnis\">B\u00fcttner, Renate; Knuth, Matthias (2004): Sp\u00e4tere Zug\u00e4nge in Fr\u00fchrenten &#8211; Regelaltersrente auf dem Vormarsch. Verschiebung der Altersgrenzen und Abschlagsregelungen bewirken Verhaltens\u00e4nderung der Versicherten (Alters\u00fcbergangs-Report, 1). <a href=\"https:\/\/duepublico2.uni-due.de\/servlets\/MCRFileNodeServlet\/duepublico_derivate_00044796\/auem_2004-01.pdf\" target=\"_blank\" rel=\"noopener\"><i class=\"fas fa-download\"><\/i><\/a><\/p>\n<p class=\"CitaviLiteraturverzeichnis\">B\u00fcttner, Renate; Knuth, Matthias; Wojtkowski, Sascha (2005): Die Kluft zwischen Erwerbsaustritt und Renteneintritt wird wieder gr\u00f6\u00dfer. Leistungsbezug &#8220;unter erleichterten Voraussetzungen&#8221; und Altersteilzeitarbeit spielen beim Alters\u00fcbergang eine zunehmende Rolle (Alters\u00fcbergangs-Report, 3). <a href=\"https:\/\/duepublico2.uni-due.de\/servlets\/MCRFileNodeServlet\/duepublico_derivate_00044801\/auem_2005-03.pdf\" target=\"_blank\" rel=\"noopener\"><i class=\"fas fa-download\"><\/i><\/a><\/p>\n<p class=\"CitaviLiteraturverzeichnis\">Knuth, Matthias; B\u00fcttner, Renate; Brussig, Martin (2006): Ein l\u00e4ngeres Arbeitsleben f\u00fcr alle? Aktuelle renten- und arbeitsmarktpolitische Entwicklungen im Lichte der Ergebnisse des &#8220;Alters\u00fcbergangs-Reports&#8221; (Alters\u00fcbergangs-Report, 1). <a href=\"https:\/\/duepublico2.uni-due.de\/servlets\/MCRFileNodeServlet\/duepublico_derivate_00044804\/auem_2006-01.pdf\" target=\"_blank\" rel=\"noopener\"><i class=\"fas fa-download\"><\/i><\/a><\/p>\n<p class=\"CitaviLiteraturverzeichnis\">Brussig, Martin; Knuth, Matthias; Wojtkowski, Sascha (2008): Die Weichen sind gestellt &#8211; doch der Streckenausbau ist noch nicht abgeschlossen. Soziale Differenzierung im Alters\u00fcbergang als Ergebnis bisheriger arbeitsmarkt- und rentenpolitischer Reformen (Alters\u00fcbergangs-Report, 3). <a href=\"https:\/\/duepublico2.uni-due.de\/servlets\/MCRFileNodeServlet\/duepublico_derivate_00044812\/auem_2008-03.pdf\" target=\"_blank\" rel=\"noopener\"><i class=\"fas fa-download\"><\/i><\/a><\/p>\n<p class=\"CitaviLiteraturverzeichnis\">Brussig, Martin; Knuth, Matthias; Wojtkowski, Sascha (2009): Altersteilzeit:\u00a0Zunehmend Besch\u00e4ftigungsbr\u00fccke zum sp\u00e4teren Renteneintritt. Wegfall der F\u00f6rderung verengt auch den Zugang in nichtgef\u00f6rderte Altersteilzeit &#8211; Nachfolgetarife fehlen (Alters\u00fcbergangs-Report, 2). <a href=\"https:\/\/duepublico2.uni-due.de\/servlets\/MCRFileNodeServlet\/duepublico_derivate_00044814\/auem_2009-02.pdf\" target=\"_blank\" rel=\"noopener\"><i class=\"fas fa-download\"><\/i><\/a><\/p>\n<p class=\"CitaviLiteraturverzeichnis\">M\u00fcmken, Sarah; Brussig, Martin; Knuth, Matthias (2011): Besch\u00e4ftigungslosigkeit im Alter. Die \u00c4lteren ab 60 Jahren sind besonders betroffen (Alters\u00fcbergangs-Report, 1). <a href=\"https:\/\/duepublico2.uni-due.de\/servlets\/MCRFileNodeServlet\/duepublico_derivate_00044832\/auem_2011-01.pdf\" target=\"_blank\" rel=\"noopener\"><i class=\"fas fa-download\"><\/i><\/a><\/p>\n<p>&nbsp;<\/p>\n<h3 class=\"CitaviLiteraturverzeichnis\">IAQ-Forschungsbericht<\/h3>\n<p>Knuth, Matthias; Koch, Frank; Schweer, Oliver (2007): Kommunalisierte Grundsicherung f\u00fcr Arbeitsuchende. Abschlussbericht zum Projekt &#8220;Pilotstudie zur optionalen Alleintr\u00e4gerschaft von hessischen Kommunen f\u00fcr die Leistungen nach dem Sozialgesetzbuch II&#8221; f\u00fcr die Hans-B\u00f6ckler-Stiftung. Institut Arbeit und Qualifikation (IAQ-Forschungsbericht, 1). <a href=\"https:\/\/knuth.ocloud.de\/index.php\/s\/A5X6cTGQ7F9bRbr\" target=\"_blank\" rel=\"noopener\"><i class=\"fas fa-download\"><\/i><\/a><\/p>\n<p>Knuth, Matthias; Isfort, Birgit (2007): Der implizite Kombilohn in der Grundsicherung f\u00fcr Arbeitsuchende: Ergebnisbericht der wissenschaftlichen Begleitung des Integrationsmodells &#8220;job2work&#8221;. Institut Arbeit und Qualifikation (IAQ-Forschungsbericht, 2). <a href=\"https:\/\/knuth.ocloud.de\/index.php\/s\/mNLRgctQQpLJaRH\" target=\"_blank\" rel=\"noopener\"><i class=\"fas fa-download\"><\/i><\/a><\/p>\n<p>&nbsp;<\/p>\n<h3>IAQ-Standpunkt<\/h3>\n<p class=\"CitaviLiteraturverzeichnis\">Knuth, Matthias (2010): Altersteilzeit weiterhin f\u00f6rdern, aber Option f\u00fcr Umgestaltung er\u00f6ffnen. Stellungnahme zur \u00f6ffentlichen Anh\u00f6rung des Bundestagsausschusses f\u00fcr Arbeit und Soziales am 1. M\u00e4rz 2010 zum Gesetzentwurf der Fraktion der SPD sowie einem Antrag von Abgeordneten der Fraktion DIE LINKE zur Fortsetzung der F\u00f6rderung der Altersteilzeit. Institut Arbeit und Qualifikation (IAQ-Standpunkt, 1). <a href=\"https:\/\/knuth.ocloud.de\/index.php\/s\/CrNMxgirwwJJQcK\" target=\"_blank\" rel=\"noopener\"><i class=\"fas fa-download\"><\/i><\/a><\/p>\n<p class=\"CitaviLiteraturverzeichnis\">Knuth, Matthias (2010): Handlungsrahmen der Arbeitsmarktpolitik vereinfachen und verstetigen \u2013 Stabilisierung und Wandel von Besch\u00e4ftigungsstrukturen gleichgewichtig f\u00f6rdern. Stellungnahme zur \u00f6ffentlichen Anh\u00f6rung des Bundestagsausschusses f\u00fcr Arbeit und Soziales am 5. Juli 2010 zum Gesetzentwurf der Bundesregierung f\u00fcr ein &#8220;Besch\u00e4ftigungschancengesetz&#8221;. Ausschussdrucksache 17\/1945 v. 7.6.2010. Institut Arbeit und Qualifikation (IAQ-Standpunkt, 4). <a href=\"https:\/\/knuth.ocloud.de\/index.php\/s\/scR6RAT9tEkyNZQ\" target=\"_blank\" rel=\"noopener\"><i class=\"fas fa-download\"><\/i><\/a><\/p>\n<p>Knuth, Matthias (2015): Zehn Jahre Grundsicherung f\u00fcr Arbeitsuchende. Ein kritischer R\u00fcckblick auf \u201eHartz IV\u201c (IAQ-Standpunkt, 1).<a href=\"https:\/\/knuth.ocloud.de\/index.php\/s\/JtSTpBCQiDBbjLm\" target=\"_blank\" rel=\"noopener\"> <i class=\"fas fa-download\"><\/i><\/a><\/p>\n<p class=\"CitaviLiteraturverzeichnis\">Knuth, Matthias (2015): &#8220;Arbeit statt Arbeitslosigkeit finanzieren&#8221;. Stellungnahme zur Anh\u00f6rung des Ausschusses f\u00fcr Arbeit, Gesundheit und Soziales des Landtags Nordrhein-Westfalen am 26.8.2015. Institut Arbeit und Qualifikation (IAQ-Standpunkt, 5). <a href=\"https:\/\/knuth.ocloud.de\/index.php\/s\/zfkLmsT8zqNkgJs\" target=\"_blank\" rel=\"noopener\"><i class=\"fas fa-download\"><\/i><\/a><\/p>\n<p>&nbsp;<\/p>\n","protected":false},"excerpt":{"rendered":"<p>DENK-doch-MAL.de &#8211; das Online-Magazin Knuth, Matthias (2025): Weiterbildungs-Chancen-St\u00e4rkungs-F\u00f6rderungs-Gesetze f\u00fcr die Arbeit von Morgen. F\u00f6rderung der Weiterbildung von Besch\u00e4ftigten durch aktive Arbeitsf\u00f6rderung. 10. Februar 2025 (denk-doch-mal.de). IAT-Report Knuth, Matthias; Kalina, Thorsten (2002): &#8220;Vorruhestand&#8221; verfestigt die Arbeitslosigkeit. Kalkulierte Arbeitslosigkeit \u00c4lterer behindert Aktivierung der Arbeitsmarktpolitik. Institut Arbeit und Technik (IAT-Report, 2). Erlinghagen, Marcel; Knuth, Matthias (2002): Kein Turbo-Arbeitsmarkt &#8230; <a title=\"Online-Ver\u00f6ffentlichungsreihen\" class=\"read-more\" href=\"https:\/\/mknuth.net\/index.php\/veroffentlichungen\/\" aria-label=\"Read more about Online-Ver\u00f6ffentlichungsreihen\">Read more<\/a><\/p>\n","protected":false},"author":1,"featured_media":0,"parent":0,"menu_order":0,"comment_status":"closed","ping_status":"closed","template":"","meta":{"footnotes":""},"class_list":["post-14","page","type-page","status-publish"],"_links":{"self":[{"href":"https:\/\/mknuth.net\/index.php\/wp-json\/wp\/v2\/pages\/14","targetHints":{"allow":["GET"]}}],"collection":[{"href":"https:\/\/mknuth.net\/index.php\/wp-json\/wp\/v2\/pages"}],"about":[{"href":"https:\/\/mknuth.net\/index.php\/wp-json\/wp\/v2\/types\/page"}],"author":[{"embeddable":true,"href":"https:\/\/mknuth.net\/index.php\/wp-json\/wp\/v2\/users\/1"}],"replies":[{"embeddable":true,"href":"https:\/\/mknuth.net\/index.php\/wp-json\/wp\/v2\/comments?post=14"}],"version-history":[{"count":9,"href":"https:\/\/mknuth.net\/index.php\/wp-json\/wp\/v2\/pages\/14\/revisions"}],"predecessor-version":[{"id":253,"href":"https:\/\/mknuth.net\/index.php\/wp-json\/wp\/v2\/pages\/14\/revisions\/253"}],"wp:attachment":[{"href":"https:\/\/mknuth.net\/index.php\/wp-json\/wp\/v2\/media?parent=14"}],"curies":[{"name":"wp","href":"https:\/\/api.w.org\/{rel}","templated":true}]}}